{"id":14,"date":"2011-07-14T19:47:05","date_gmt":"2011-07-14T19:47:05","guid":{"rendered":"http:\/\/nowoczesne-ogrodzenie.pl\/contacts\/"},"modified":"2026-01-22T09:27:13","modified_gmt":"2026-01-22T08:27:13","slug":"kontakt","status":"publish","type":"page","link":"https:\/\/nowoczesne-ogrodzenie.pl\/en\/kontakt","title":{"rendered":"Contact"},"content":{"rendered":"<div data-elementor-type=\"wp-post\" data-elementor-id=\"14\" class=\"elementor elementor-14\">\n\t\t\t\t\t\t\t\t\t<section class=\"elementor-section elementor-top-section elementor-element elementor-element-762ce45 elementor-section-stretched elementor-section-full_width elementor-section-height-default elementor-section-height-default\" data-id=\"762ce45\" data-element_type=\"section\" data-settings=\"{&quot;stretch_section&quot;:&quot;section-stretched&quot;}\">\n\t\t\t\t\t\t<div class=\"elementor-container elementor-column-gap-default\">\n\t\t\t\t\t<div class=\"elementor-column elementor-col-100 elementor-top-column elementor-element elementor-element-5922f73 cleancss\" data-id=\"5922f73\" data-element_type=\"column\" id=\"cleanid\">\n\t\t\t<div class=\"elementor-widget-wrap elementor-element-populated\">\n\t\t\t\t\t\t\t\t<div class=\"elementor-element elementor-element-2c489c0 elementor-widget elementor-widget-html\" data-id=\"2c489c0\" data-element_type=\"widget\" data-widget_type=\"html.default\">\n\t\t\t\t<div class=\"elementor-widget-container\">\n\t\t\t<style>\n    * { margin: 0; padding: 0; }\np { margin: 5px 0 10px 0; }\n<\/style>\t\t<\/div>\n\t\t\t\t<\/div>\n\t\t\t\t<div class=\"elementor-element elementor-element-d6ca6f4 elementor-widget elementor-widget-heading\" data-id=\"d6ca6f4\" data-element_type=\"widget\" data-widget_type=\"heading.default\">\n\t\t\t\t<div class=\"elementor-widget-container\">\n\t\t\t<h1 class=\"elementor-heading-title elementor-size-default\">contact<\/h1>\t\t<\/div>\n\t\t\t\t<\/div>\n\t\t\t\t\t<\/div>\n\t\t<\/div>\n\t\t\t\t\t\t\t<\/div>\n\t\t<\/section>\n\t\t\t\t<section class=\"elementor-section elementor-top-section elementor-element elementor-element-9f09d23 elementor-section-boxed elementor-section-height-default elementor-section-height-default\" data-id=\"9f09d23\" data-element_type=\"section\">\n\t\t\t\t\t\t<div class=\"elementor-container elementor-column-gap-default\">\n\t\t\t\t\t<div class=\"elementor-column elementor-col-100 elementor-top-column elementor-element elementor-element-5751bd7\" data-id=\"5751bd7\" data-element_type=\"column\">\n\t\t\t<div class=\"elementor-widget-wrap elementor-element-populated\">\n\t\t\t\t\t\t\t\t<div class=\"elementor-element elementor-element-a7e38f0 elementor-widget elementor-widget-heading\" data-id=\"a7e38f0\" data-element_type=\"widget\" data-widget_type=\"heading.default\">\n\t\t\t\t<div class=\"elementor-widget-container\">\n\t\t\t<h2 class=\"elementor-heading-title elementor-size-default\"><a href=\"tel:508399333\">508 399 333<\/a><\/h2>\t\t<\/div>\n\t\t\t\t<\/div>\n\t\t\t\t<div class=\"elementor-element elementor-element-4916d79 elementor-widget elementor-widget-html\" data-id=\"4916d79\" data-element_type=\"widget\" data-widget_type=\"html.default\">\n\t\t\t\t<div class=\"elementor-widget-container\">\n\t\t\t<h6>\n<center>\n<a style=\"color:#000; font-size: 24px;\" href=\"mailto:kontakt@nowoczesne-ogrodzenie.pl\">kontakt@siatmet.pl<\/a>\n<\/center>\n<\/h6>\t\t<\/div>\n\t\t\t\t<\/div>\n\t\t\t\t<div class=\"elementor-element elementor-element-36d8431 elementor-widget elementor-widget-heading\" data-id=\"36d8431\" data-element_type=\"widget\" data-widget_type=\"heading.default\">\n\t\t\t\t<div class=\"elementor-widget-container\">\n\t\t\t<h3 class=\"elementor-heading-title elementor-size-default\"><a href=\"tel:508399300\">168 Terespolska St., 05-074 Nowy Konik<\/a><\/h3>\t\t<\/div>\n\t\t\t\t<\/div>\n\t\t\t\t<div class=\"elementor-element elementor-element-46e4970 elementor-widget elementor-widget-google_maps\" data-id=\"46e4970\" data-element_type=\"widget\" data-widget_type=\"google_maps.default\">\n\t\t\t\t<div class=\"elementor-widget-container\">\n\t\t\t\t\t<div class=\"elementor-custom-embed\">\n\t\t\t<iframe loading=\"lazy\"\n\t\t\t\t\tsrc=\"https:\/\/maps.google.com\/maps?q=nowoczesne-ogrodzenie.pl%20-%20siatmet&#038;t=m&#038;z=12&#038;output=embed&#038;iwloc=near\"\n\t\t\t\t\ttitle=\"nowoczesne-ogrodzenie.pl - siatmet\"\n\t\t\t\t\taria-label=\"nowoczesne-ogrodzenie.pl - siatmet\"\n\t\t\t><\/iframe>\n\t\t<\/div>\n\t\t\t\t<\/div>\n\t\t\t\t<\/div>\n\t\t\t\t<div class=\"elementor-element elementor-element-27bc421 elementor-widget elementor-widget-text-editor\" data-id=\"27bc421\" data-element_type=\"widget\" data-widget_type=\"text-editor.default\">\n\t\t\t\t<div class=\"elementor-widget-container\">\n\t\t\t\t\t\t\t<p><strong>Bartosz \u017bbikowski<\/strong><br \/><strong>168 Terespolska Street<\/strong><br \/><strong> 05-074 Nowy Konik<br \/>mazowieckie province<\/strong><\/p><p><strong>NIP: 9522001492<\/strong><\/p>\t\t\t\t\t\t<\/div>\n\t\t\t\t<\/div>\n\t\t\t\t\t<\/div>\n\t\t<\/div>\n\t\t\t\t\t\t\t<\/div>\n\t\t<\/section>\n\t\t\t\t<section class=\"elementor-section elementor-top-section elementor-element elementor-element-f329c6c dNone elementor-section-boxed elementor-section-height-default elementor-section-height-default\" data-id=\"f329c6c\" data-element_type=\"section\">\n\t\t\t\t\t\t<div class=\"elementor-container elementor-column-gap-default\">\n\t\t\t\t\t<div class=\"elementor-column elementor-col-100 elementor-top-column elementor-element elementor-element-5b81f9a\" data-id=\"5b81f9a\" data-element_type=\"column\">\n\t\t\t<div class=\"elementor-widget-wrap elementor-element-populated\">\n\t\t\t\t\t\t\t\t<div class=\"elementor-element elementor-element-21483a56 elementor-widget__width-inherit elementor-widget elementor-widget-video\" data-id=\"21483a56\" data-element_type=\"widget\" data-settings=\"{&quot;youtube_url&quot;:&quot;https:\\\/\\\/www.youtube.com\\\/watch?v=CSO1PbHZNjo&quot;,&quot;video_type&quot;:&quot;youtube&quot;,&quot;controls&quot;:&quot;yes&quot;}\" data-widget_type=\"video.default\">\n\t\t\t\t<div class=\"elementor-widget-container\">\n\t\t\t\t\t<div class=\"elementor-wrapper elementor-open-inline\">\n\t\t\t<div class=\"elementor-video\"><\/div>\t\t<\/div>\n\t\t\t\t<\/div>\n\t\t\t\t<\/div>\n\t\t\t\t\t<\/div>\n\t\t<\/div>\n\t\t\t\t\t\t\t<\/div>\n\t\t<\/section>\n\t\t\t\t<section class=\"elementor-section elementor-top-section elementor-element elementor-element-7bd12bf elementor-section-boxed elementor-section-height-default elementor-section-height-default\" data-id=\"7bd12bf\" data-element_type=\"section\">\n\t\t\t\t\t\t<div class=\"elementor-container elementor-column-gap-default\">\n\t\t\t\t\t<div class=\"elementor-column elementor-col-100 elementor-top-column elementor-element elementor-element-5f384fa\" data-id=\"5f384fa\" data-element_type=\"column\">\n\t\t\t<div class=\"elementor-widget-wrap elementor-element-populated\">\n\t\t\t\t\t\t\t\t<div class=\"elementor-element elementor-element-ef358b9 eael-contact-form-7-button-align-left eael-contact-form-7-button-custom elementor-widget elementor-widget-eael-contact-form-7\" data-id=\"ef358b9\" data-element_type=\"widget\" data-widget_type=\"eael-contact-form-7.default\">\n\t\t\t\t<div class=\"elementor-widget-container\">\n\t\t\t<div class=\"eael-contact-form-7-wrapper\">\n                <div class=\"eael-contact-form eael-contact-form-7 eael-contact-form-ef358b9 placeholder-show eael-contact-form-align-default\"><div class=\"eael-contact-form-7-heading\"><div class=\"eael-contact-form-description eael-contact-form-7-description\">\n                                    Wy\u015bli wiadomo\u015b\u0107\n                                <\/div><\/div>\n<div class=\"wpcf7 no-js\" id=\"wpcf7-f4318-o1\" lang=\"en-US\" dir=\"ltr\">\n<div class=\"screen-reader-response\"><p role=\"status\" aria-live=\"polite\" aria-atomic=\"true\"><\/p> <ul><\/ul><\/div>\n<form action=\"\/en\/wp-json\/wp\/v2\/pages\/14#wpcf7-f4318-o1\" method=\"post\" class=\"wpcf7-form init\" aria-label=\"Contact form\" novalidate=\"novalidate\" data-status=\"init\" data-trp-original-action=\"\/en\/wp-json\/wp\/v2\/pages\/14#wpcf7-f4318-o1\">\n<div style=\"display: none;\">\n<input type=\"hidden\" name=\"_wpcf7\" value=\"4318\" \/>\n<input type=\"hidden\" name=\"_wpcf7_version\" value=\"5.8.1\" \/>\n<input type=\"hidden\" name=\"_wpcf7_locale\" value=\"en_US\" \/>\n<input type=\"hidden\" name=\"_wpcf7_unit_tag\" value=\"wpcf7-f4318-o1\" \/>\n<input type=\"hidden\" name=\"_wpcf7_container_post\" value=\"0\" \/>\n<input type=\"hidden\" name=\"_wpcf7_posted_data_hash\" value=\"\" \/>\n<input type=\"hidden\" name=\"_wpcf7_recaptcha_response\" value=\"\" \/>\n<\/div>\n<div style=\"text-align:center\">\n\t<div class=\"row-fluid\">\n\t\t<p class=\"span12 field\"><span class=\"wpcf7-form-control-wrap\" data-name=\"your-name\"><input size=\"40\" class=\"wpcf7-form-control wpcf7-text wpcf7-validates-as-required bar2\" aria-required=\"true\" aria-invalid=\"false\" placeholder=\"Name:\" value=\"\" type=\"text\" name=\"your-name\" \/><\/span>\n\t\t<\/p>\n\t\t<p class=\"span12 field\"><span class=\"wpcf7-form-control-wrap\" data-name=\"your-email\"><input size=\"40\" class=\"wpcf7-form-control wpcf7-email wpcf7-validates-as-required wpcf7-text wpcf7-validates-as-email bar2\" aria-required=\"true\" aria-invalid=\"false\" placeholder=\"E-mail:\" value=\"\" type=\"email\" name=\"your-email\" \/><\/span>\n\t\t<\/p>\n\t\t<p class=\"span12 field\"><span class=\"wpcf7-form-control-wrap\" data-name=\"your-phone\"><input size=\"40\" class=\"wpcf7-form-control wpcf7-text wpcf7-validates-as-required bar2\" aria-required=\"true\" aria-invalid=\"false\" placeholder=\"Phone:\" value=\"\" type=\"text\" name=\"your-phone\" \/><\/span>\n\t\t<\/p>\n\t\t<p class=\"span12 field\"><span class=\"wpcf7-form-control-wrap\" data-name=\"your-message\"><textarea cols=\"40\" rows=\"10\" class=\"wpcf7-form-control wpcf7-textarea bar2\" aria-invalid=\"false\" placeholder=\"Wiadomo\u015b\u0107:\" name=\"your-message\"><\/textarea><\/span>\n\t\t<\/p>\n\t\t<p class=\"submit-wrap\"><input class=\"wpcf7-form-control wpcf7-submit has-spinner btn btn-primary\" type=\"submit\" value=\"Send\" \/>\n\t\t<\/p>\n\t<\/div>\n<\/div><div class=\"wpcf7-response-output\" aria-hidden=\"true\"><\/div>\n<input type=\"hidden\" name=\"trp-form-language\" value=\"en\"\/><\/form>\n<\/div>\n<\/div>\n            <\/div>\t\t<\/div>\n\t\t\t\t<\/div>\n\t\t\t\t\t<\/div>\n\t\t<\/div>\n\t\t\t\t\t\t\t<\/div>\n\t\t<\/section>\n\t\t\t\t\t\t\t<\/div>","protected":false},"excerpt":{"rendered":"<p>kontakt 508 399 333 kontakt@siatmet.pl ul. Terespolska 168, 05-074 Nowy Konik Bartosz \u017bbikowskiul. Terespolska 168 05-074 Nowy Konikwoj. mazowieckie NIP: 9522001492 https:\/\/www.youtube.com\/watch?v=CSO1PbHZNjo Wy\u015bli wiadomo\u015b\u0107<\/p>","protected":false},"author":4,"featured_media":0,"parent":0,"menu_order":6,"comment_status":"closed","ping_status":"closed","template":"","meta":{"footnotes":""},"class_list":["post-14","page","type-page","status-publish","hentry","entry"],"yoast_head":"<!-- This site is optimized with the Yoast SEO plugin v21.3 - https:\/\/yoast.com\/wordpress\/plugins\/seo\/ -->\n<title>Kontakt 508 399 333 - nowoczesne-ogrodzenie.pl<\/title>\n<meta name=\"description\" content=\"Zapraszamy do kontaktu telefonicznego oraz mailowego z firm\u0105 &quot;Siatmet - nowoczesne ogrodzenia&quot; i sprawd\u017a jak do nas dojecha\u0107.\" \/>\n<meta name=\"robots\" content=\"index, follow, max-snippet:-1, max-image-preview:large, max-video-preview:-1\" \/>\n<link rel=\"canonical\" href=\"https:\/\/nowoczesne-ogrodzenie.pl\/en\/kontakt\" \/>\n<meta property=\"og:locale\" content=\"en_US\" \/>\n<meta property=\"og:type\" content=\"article\" \/>\n<meta property=\"og:title\" content=\"Kontakt 508 399 333 - nowoczesne-ogrodzenie.pl\" \/>\n<meta property=\"og:description\" content=\"Zapraszamy do kontaktu telefonicznego oraz mailowego z firm\u0105 &quot;Siatmet - nowoczesne ogrodzenia&quot; i sprawd\u017a jak do nas dojecha\u0107.\" \/>\n<meta property=\"og:url\" content=\"https:\/\/nowoczesne-ogrodzenie.pl\/en\/kontakt\" \/>\n<meta property=\"og:site_name\" content=\"Nowoczesne ogrodzenia metalowe od producenta Warszawa\/Polska\" \/>\n<meta property=\"article:publisher\" content=\"https:\/\/www.facebook.com\/nowoczesne.ogrodzenie.warszawa\/\" \/>\n<meta property=\"article:modified_time\" content=\"2026-01-22T08:27:13+00:00\" \/>\n<meta name=\"twitter:card\" content=\"summary_large_image\" \/>\n<meta name=\"twitter:label1\" content=\"Est. reading time\" \/>\n\t<meta name=\"twitter:data1\" content=\"1 minute\" \/>\n<script type=\"application\/ld+json\" class=\"yoast-schema-graph\">{\"@context\":\"https:\/\/schema.org\",\"@graph\":[{\"@type\":\"WebPage\",\"@id\":\"https:\/\/nowoczesne-ogrodzenie.pl\/en\/kontakt\",\"url\":\"https:\/\/nowoczesne-ogrodzenie.pl\/en\/kontakt\",\"name\":\"Kontakt 508 399 333 - nowoczesne-ogrodzenie.pl\",\"isPartOf\":{\"@id\":\"https:\/\/nowoczesne-ogrodzenie.pl\/en\/#website\"},\"datePublished\":\"2011-07-14T19:47:05+00:00\",\"dateModified\":\"2026-01-22T08:27:13+00:00\",\"description\":\"Zapraszamy do kontaktu telefonicznego oraz mailowego z firm\u0105 \\\"Siatmet - nowoczesne ogrodzenia\\\" i sprawd\u017a jak do nas dojecha\u0107.\",\"breadcrumb\":{\"@id\":\"https:\/\/nowoczesne-ogrodzenie.pl\/en\/kontakt#breadcrumb\"},\"inLanguage\":\"en-US\",\"potentialAction\":[{\"@type\":\"ReadAction\",\"target\":[\"https:\/\/nowoczesne-ogrodzenie.pl\/en\/kontakt\"]}]},{\"@type\":\"BreadcrumbList\",\"@id\":\"https:\/\/nowoczesne-ogrodzenie.pl\/en\/kontakt#breadcrumb\",\"itemListElement\":[{\"@type\":\"ListItem\",\"position\":1,\"name\":\"Strona g\u0142\u00f3wna\",\"item\":\"https:\/\/nowoczesne-ogrodzenie.pl\/\"},{\"@type\":\"ListItem\",\"position\":2,\"name\":\"Kontakt\"}]},{\"@type\":\"WebSite\",\"@id\":\"https:\/\/nowoczesne-ogrodzenie.pl\/en\/#website\",\"url\":\"https:\/\/nowoczesne-ogrodzenie.pl\/en\/\",\"name\":\"Nowoczesne ogrodzenia metalowe od producenta Warszawa\/Polska\",\"description\":\"\",\"potentialAction\":[{\"@type\":\"SearchAction\",\"target\":{\"@type\":\"EntryPoint\",\"urlTemplate\":\"https:\/\/nowoczesne-ogrodzenie.pl\/en\/?s={search_term_string}\"},\"query-input\":\"required name=search_term_string\"}],\"inLanguage\":\"en-US\"}]}<\/script>\n<!-- \/ Yoast SEO plugin. -->","yoast_head_json":{"title":"Kontakt 508 399 333 - nowoczesne-ogrodzenie.pl","description":"Zapraszamy do kontaktu telefonicznego oraz mailowego z firm\u0105 \"Siatmet - nowoczesne ogrodzenia\" i sprawd\u017a jak do nas dojecha\u0107.","robots":{"index":"index","follow":"follow","max-snippet":"max-snippet:-1","max-image-preview":"max-image-preview:large","max-video-preview":"max-video-preview:-1"},"canonical":"https:\/\/nowoczesne-ogrodzenie.pl\/en\/kontakt","og_locale":"en_US","og_type":"article","og_title":"Kontakt 508 399 333 - nowoczesne-ogrodzenie.pl","og_description":"Zapraszamy do kontaktu telefonicznego oraz mailowego z firm\u0105 \"Siatmet - nowoczesne ogrodzenia\" i sprawd\u017a jak do nas dojecha\u0107.","og_url":"https:\/\/nowoczesne-ogrodzenie.pl\/en\/kontakt","og_site_name":"Nowoczesne ogrodzenia metalowe od producenta Warszawa\/Polska","article_publisher":"https:\/\/www.facebook.com\/nowoczesne.ogrodzenie.warszawa\/","article_modified_time":"2026-01-22T08:27:13+00:00","twitter_card":"summary_large_image","twitter_misc":{"Est. reading time":"1 minute"},"schema":{"@context":"https:\/\/schema.org","@graph":[{"@type":"WebPage","@id":"https:\/\/nowoczesne-ogrodzenie.pl\/en\/kontakt","url":"https:\/\/nowoczesne-ogrodzenie.pl\/en\/kontakt","name":"Kontakt 508 399 333 - nowoczesne-ogrodzenie.pl","isPartOf":{"@id":"https:\/\/nowoczesne-ogrodzenie.pl\/en\/#website"},"datePublished":"2011-07-14T19:47:05+00:00","dateModified":"2026-01-22T08:27:13+00:00","description":"Zapraszamy do kontaktu telefonicznego oraz mailowego z firm\u0105 \"Siatmet - nowoczesne ogrodzenia\" i sprawd\u017a jak do nas dojecha\u0107.","breadcrumb":{"@id":"https:\/\/nowoczesne-ogrodzenie.pl\/en\/kontakt#breadcrumb"},"inLanguage":"en-US","potentialAction":[{"@type":"ReadAction","target":["https:\/\/nowoczesne-ogrodzenie.pl\/en\/kontakt"]}]},{"@type":"BreadcrumbList","@id":"https:\/\/nowoczesne-ogrodzenie.pl\/en\/kontakt#breadcrumb","itemListElement":[{"@type":"ListItem","position":1,"name":"Strona g\u0142\u00f3wna","item":"https:\/\/nowoczesne-ogrodzenie.pl\/"},{"@type":"ListItem","position":2,"name":"Kontakt"}]},{"@type":"WebSite","@id":"https:\/\/nowoczesne-ogrodzenie.pl\/en\/#website","url":"https:\/\/nowoczesne-ogrodzenie.pl\/en\/","name":"Nowoczesne ogrodzenia metalowe od producenta Warszawa\/Polska","description":"","potentialAction":[{"@type":"SearchAction","target":{"@type":"EntryPoint","urlTemplate":"https:\/\/nowoczesne-ogrodzenie.pl\/en\/?s={search_term_string}"},"query-input":"required name=search_term_string"}],"inLanguage":"en-US"}]}},"_links":{"self":[{"href":"https:\/\/nowoczesne-ogrodzenie.pl\/en\/wp-json\/wp\/v2\/pages\/14","targetHints":{"allow":["GET"]}}],"collection":[{"href":"https:\/\/nowoczesne-ogrodzenie.pl\/en\/wp-json\/wp\/v2\/pages"}],"about":[{"href":"https:\/\/nowoczesne-ogrodzenie.pl\/en\/wp-json\/wp\/v2\/types\/page"}],"author":[{"embeddable":true,"href":"https:\/\/nowoczesne-ogrodzenie.pl\/en\/wp-json\/wp\/v2\/users\/4"}],"replies":[{"embeddable":true,"href":"https:\/\/nowoczesne-ogrodzenie.pl\/en\/wp-json\/wp\/v2\/comments?post=14"}],"version-history":[{"count":28,"href":"https:\/\/nowoczesne-ogrodzenie.pl\/en\/wp-json\/wp\/v2\/pages\/14\/revisions"}],"predecessor-version":[{"id":7515,"href":"https:\/\/nowoczesne-ogrodzenie.pl\/en\/wp-json\/wp\/v2\/pages\/14\/revisions\/7515"}],"wp:attachment":[{"href":"https:\/\/nowoczesne-ogrodzenie.pl\/en\/wp-json\/wp\/v2\/media?parent=14"}],"curies":[{"name":"wp","href":"https:\/\/api.w.org\/{rel}","templated":true}]}}