{"id":2841,"date":"2018-11-01T06:00:45","date_gmt":"2018-11-01T05:00:45","guid":{"rendered":"https:\/\/nowoczesne-ogrodzenie.pl\/?page_id=2841"},"modified":"2021-07-06T09:28:36","modified_gmt":"2021-07-06T07:28:36","slug":"zimowa-2018","status":"publish","type":"page","link":"https:\/\/nowoczesne-ogrodzenie.pl\/en\/promocje\/zimowa-2018","title":{"rendered":"Zimowa Promocja"},"content":{"rendered":"<div data-elementor-type=\"wp-post\" data-elementor-id=\"2841\" class=\"elementor elementor-2841 elementor-bc-flex-widget\">\n\t\t\t\t\t\t\t\t\t<section class=\"elementor-section elementor-top-section elementor-element elementor-element-47cd8bd elementor-section-stretched elementor-section-full_width elementor-section-height-default elementor-section-height-default\" data-id=\"47cd8bd\" data-element_type=\"section\" data-settings=\"{&quot;stretch_section&quot;:&quot;section-stretched&quot;}\">\n\t\t\t\t\t\t<div class=\"elementor-container elementor-column-gap-default\">\n\t\t\t\t\t<div class=\"elementor-column elementor-col-100 elementor-top-column elementor-element elementor-element-f79002c cleancss\" data-id=\"f79002c\" data-element_type=\"column\" id=\"cleanid\">\n\t\t\t<div class=\"elementor-widget-wrap elementor-element-populated\">\n\t\t\t\t\t\t\t\t<div class=\"elementor-element elementor-element-4bdf0ff elementor-widget elementor-widget-html\" data-id=\"4bdf0ff\" data-element_type=\"widget\" data-widget_type=\"html.default\">\n\t\t\t\t<div class=\"elementor-widget-container\">\n\t\t\t<style>\n    * { margin: 0; padding: 0; }\np { margin: 5px 0 10px 0; }\n<\/style>\t\t<\/div>\n\t\t\t\t<\/div>\n\t\t\t\t<div class=\"elementor-element elementor-element-4030a1f elementor-widget elementor-widget-heading\" data-id=\"4030a1f\" data-element_type=\"widget\" data-widget_type=\"heading.default\">\n\t\t\t\t<div class=\"elementor-widget-container\">\n\t\t\t<h1 class=\"elementor-heading-title elementor-size-default\">ZIMOWA PROMOCJA 2018 \u200b- 2019<\/h1>\t\t<\/div>\n\t\t\t\t<\/div>\n\t\t\t\t\t<\/div>\n\t\t<\/div>\n\t\t\t\t\t\t\t<\/div>\n\t\t<\/section>\n\t\t\t\t<section class=\"elementor-section elementor-top-section elementor-element elementor-element-aca86ba elementor-section-boxed elementor-section-height-default elementor-section-height-default\" data-id=\"aca86ba\" data-element_type=\"section\">\n\t\t\t\t\t\t<div class=\"elementor-container elementor-column-gap-default\">\n\t\t\t\t\t<div class=\"elementor-column elementor-col-100 elementor-top-column elementor-element elementor-element-8bdd00c\" data-id=\"8bdd00c\" data-element_type=\"column\">\n\t\t\t<div class=\"elementor-widget-wrap elementor-element-populated\">\n\t\t\t\t\t\t\t\t\t<\/div>\n\t\t<\/div>\n\t\t\t\t\t\t\t<\/div>\n\t\t<\/section>\n\t\t\t\t<section class=\"elementor-section elementor-top-section elementor-element elementor-element-8237fa7 elementor-section-boxed elementor-section-height-default elementor-section-height-default\" data-id=\"8237fa7\" data-element_type=\"section\">\n\t\t\t\t\t\t<div class=\"elementor-container elementor-column-gap-default\">\n\t\t\t\t\t<div class=\"elementor-column elementor-col-100 elementor-top-column elementor-element elementor-element-a325f92\" data-id=\"a325f92\" data-element_type=\"column\">\n\t\t\t<div class=\"elementor-widget-wrap elementor-element-populated\">\n\t\t\t\t\t\t\t\t<div class=\"elementor-element elementor-element-3016572 elementor-widget elementor-widget-text-editor\" data-id=\"3016572\" data-element_type=\"widget\" data-widget_type=\"text-editor.default\">\n\t\t\t\t<div class=\"elementor-widget-container\">\n\t\t\t\t\t\t\t<div><strong>Warunki promocji:<\/strong><\/div><div>1. &#8222;ZIMOWA PROMOCJA&#8221; trwa od 01.11.2018 do 31.01.2019<\/div><div>2. Promocja (-10% rabatu) dotyczy wy\u0142\u0105cznie element\u00f3w stalowych ogrodzenia (bramy, furtki, prz\u0119s\u0142a).\u00a0<br \/>Promocja nie obejmuje beton\u00f3w systemowych i tradycyjnych, element\u00f3w murowanych oraz us\u0142ugi monta\u017cu.<\/div><div>3. W celu skorzystania z rabatu (-10%) nale\u017cy powo\u0142a\u0107 si\u0119 na ZIMOW\u0104 PROMOCJ\u0118\u00a0<\/div><div>&#8211; w formularzu zam\u00f3wienia na stronie\u00a0<a href=\"https:\/\/nowoczesne-ogrodzenie.pl\/en\/\" target=\"_blank\" rel=\"noopener\" data-saferedirecturl=\"https:\/\/www.google.com\/url?q=http:\/\/www.nowoczesne-ogrodzenie.pl&amp;source=gmail&amp;ust=1541261070193000&amp;usg=AFQjCNEx6LM9ywhjHfxPtHPIEy28d1QdAQ\">https:\/\/nowoczesne-ogrodzenie.pl<\/a>\u00a0<\/div><div>&#8211; wysy\u0142aj\u0105c maila z zapytaniem na:\u00a0<a href=\"mailto:kontakt@nowoczesne-ogrodzenie.pl\" target=\"_blank\" rel=\"noopener\">kontakt@nowoczesne-ogrodzenie.<wbr \/>pl<\/a><\/div><div>&#8211; lub w naszym biurze sprzeda\u017cy: SIATMET Terespolska 168, 05-074 Konik Nowy\u00a0<\/div><div>4. Warunkiem skorzystania z promocji jest wp\u0142ata zaliczki przy sk\u0142adaniu zam\u00f3wienia.<\/div><div>5.\u00a0Realizacja zam\u00f3wienia rozpoczyna si\u0119 od stycznia 2019 roku wed\u0142ug kolejno\u015bci z\u0142o\u017conych zam\u00f3wie\u0144.\u00a0Szacowany termin realizacji b\u0119dzie podawany przy sk\u0142adaniu zam\u00f3wienia.<\/div>\t\t\t\t\t\t<\/div>\n\t\t\t\t<\/div>\n\t\t\t\t<div class=\"elementor-element elementor-element-8c1569c elementor-invisible elementor-widget elementor-widget-heading\" data-id=\"8c1569c\" data-element_type=\"widget\" data-settings=\"{&quot;_animation&quot;:&quot;fadeInRight&quot;}\" data-widget_type=\"heading.default\">\n\t\t\t\t<div class=\"elementor-widget-container\">\n\t\t\t<h4 class=\"elementor-heading-title elementor-size-default\">Planujesz ogrodzi\u0107 posesj\u0119 w 2019 roku?\n Napisz do nas i skorzystaj z promocji -10% na wszystkie modele ogrodze\u0144<\/h4>\t\t<\/div>\n\t\t\t\t<\/div>\n\t\t\t\t<div class=\"elementor-element elementor-element-6d2e200 elementor-invisible elementor-widget elementor-widget-shortcode\" data-id=\"6d2e200\" data-element_type=\"widget\" data-settings=\"{&quot;_animation&quot;:&quot;fadeInUp&quot;}\" data-widget_type=\"shortcode.default\">\n\t\t\t\t<div class=\"elementor-widget-container\">\n\t\t\t\t\t<div class=\"elementor-shortcode\">\n<div class=\"wpcf7 no-js\" id=\"wpcf7-f4318-o1\" lang=\"en-US\" dir=\"ltr\">\n<div class=\"screen-reader-response\"><p role=\"status\" aria-live=\"polite\" aria-atomic=\"true\"><\/p> <ul><\/ul><\/div>\n<form action=\"\/en\/wp-json\/wp\/v2\/pages\/2841#wpcf7-f4318-o1\" method=\"post\" class=\"wpcf7-form init\" aria-label=\"Contact form\" novalidate=\"novalidate\" data-status=\"init\" data-trp-original-action=\"\/en\/wp-json\/wp\/v2\/pages\/2841#wpcf7-f4318-o1\">\n<div style=\"display: none;\">\n<input type=\"hidden\" name=\"_wpcf7\" value=\"4318\" \/>\n<input type=\"hidden\" name=\"_wpcf7_version\" value=\"5.8.1\" \/>\n<input type=\"hidden\" name=\"_wpcf7_locale\" value=\"en_US\" \/>\n<input type=\"hidden\" name=\"_wpcf7_unit_tag\" value=\"wpcf7-f4318-o1\" \/>\n<input type=\"hidden\" name=\"_wpcf7_container_post\" value=\"0\" \/>\n<input type=\"hidden\" name=\"_wpcf7_posted_data_hash\" value=\"\" \/>\n<input type=\"hidden\" name=\"_wpcf7_recaptcha_response\" value=\"\" \/>\n<\/div>\n<div style=\"text-align:center\">\n\t<div class=\"row-fluid\">\n\t\t<p class=\"span12 field\"><span class=\"wpcf7-form-control-wrap\" data-name=\"your-name\"><input size=\"40\" class=\"wpcf7-form-control wpcf7-text wpcf7-validates-as-required bar2\" aria-required=\"true\" aria-invalid=\"false\" placeholder=\"Name:\" value=\"\" type=\"text\" name=\"your-name\" \/><\/span>\n\t\t<\/p>\n\t\t<p class=\"span12 field\"><span class=\"wpcf7-form-control-wrap\" data-name=\"your-email\"><input size=\"40\" class=\"wpcf7-form-control wpcf7-email wpcf7-validates-as-required wpcf7-text wpcf7-validates-as-email bar2\" aria-required=\"true\" aria-invalid=\"false\" placeholder=\"E-mail:\" value=\"\" type=\"email\" name=\"your-email\" \/><\/span>\n\t\t<\/p>\n\t\t<p class=\"span12 field\"><span class=\"wpcf7-form-control-wrap\" data-name=\"your-phone\"><input size=\"40\" class=\"wpcf7-form-control wpcf7-text wpcf7-validates-as-required bar2\" aria-required=\"true\" aria-invalid=\"false\" placeholder=\"Phone:\" value=\"\" type=\"text\" name=\"your-phone\" \/><\/span>\n\t\t<\/p>\n\t\t<p class=\"span12 field\"><span class=\"wpcf7-form-control-wrap\" data-name=\"your-message\"><textarea cols=\"40\" rows=\"10\" class=\"wpcf7-form-control wpcf7-textarea bar2\" aria-invalid=\"false\" placeholder=\"Wiadomo\u015b\u0107:\" name=\"your-message\"><\/textarea><\/span>\n\t\t<\/p>\n\t\t<p class=\"submit-wrap\"><input class=\"wpcf7-form-control wpcf7-submit has-spinner btn btn-primary\" type=\"submit\" value=\"Send\" \/>\n\t\t<\/p>\n\t<\/div>\n<\/div><div class=\"wpcf7-response-output\" aria-hidden=\"true\"><\/div>\n<input type=\"hidden\" name=\"trp-form-language\" value=\"en\"\/><\/form>\n<\/div>\n<\/div>\n\t\t\t\t<\/div>\n\t\t\t\t<\/div>\n\t\t\t\t\t<\/div>\n\t\t<\/div>\n\t\t\t\t\t\t\t<\/div>\n\t\t<\/section>\n\t\t\t\t\t\t\t<\/div>","protected":false},"excerpt":{"rendered":"<p>ZIMOWA PROMOCJA 2018 \u200b- 2019 Warunki promocji:1. &#8222;ZIMOWA PROMOCJA&#8221; trwa od 01.11.2018 do 31.01.20192. Promocja (-10% rabatu) dotyczy wy\u0142\u0105cznie element\u00f3w stalowych ogrodzenia (bramy, furtki, prz\u0119s\u0142a).\u00a0Promocja nie obejmuje beton\u00f3w systemowych i tradycyjnych, element\u00f3w murowanych oraz us\u0142ugi monta\u017cu.3. W celu skorzystania z rabatu (-10%) nale\u017cy powo\u0142a\u0107 si\u0119 na ZIMOW\u0104 PROMOCJ\u0118\u00a0&#8211; w formularzu zam\u00f3wienia na stronie\u00a0https:\/\/nowoczesne-ogrodzenie.pl\u00a0&#8211; wysy\u0142aj\u0105c maila [&hellip;]<\/p>","protected":false},"author":4,"featured_media":0,"parent":2866,"menu_order":0,"comment_status":"closed","ping_status":"closed","template":"elementor_canvas","meta":{"footnotes":""},"class_list":["post-2841","page","type-page","status-publish","hentry","entry"],"yoast_head":"<!-- This site is optimized with the Yoast SEO plugin v21.3 - https:\/\/yoast.com\/wordpress\/plugins\/seo\/ -->\n<title>Zimowa promocja 2018 - nowoczesne-ogrodzenie.pl<\/title>\n<meta name=\"robots\" content=\"index, follow, max-snippet:-1, max-image-preview:large, max-video-preview:-1\" \/>\n<link rel=\"canonical\" href=\"https:\/\/nowoczesne-ogrodzenie.pl\/en\/promocje\/zimowa-2018\" \/>\n<meta property=\"og:locale\" content=\"en_US\" \/>\n<meta property=\"og:type\" content=\"article\" \/>\n<meta property=\"og:title\" content=\"Zimowa promocja 2018 - nowoczesne-ogrodzenie.pl\" \/>\n<meta property=\"og:description\" content=\"ZIMOWA PROMOCJA 2018 \u200b- 2019 Warunki promocji:1. &#8222;ZIMOWA PROMOCJA&#8221; trwa od 01.11.2018 do 31.01.20192. Promocja (-10% rabatu) dotyczy wy\u0142\u0105cznie element\u00f3w stalowych ogrodzenia (bramy, furtki, prz\u0119s\u0142a).\u00a0Promocja nie obejmuje beton\u00f3w systemowych i tradycyjnych, element\u00f3w murowanych oraz us\u0142ugi monta\u017cu.3. W celu skorzystania z rabatu (-10%) nale\u017cy powo\u0142a\u0107 si\u0119 na ZIMOW\u0104 PROMOCJ\u0118\u00a0&#8211; w formularzu zam\u00f3wienia na stronie\u00a0https:\/\/nowoczesne-ogrodzenie.pl\u00a0&#8211; wysy\u0142aj\u0105c maila [&hellip;]\" \/>\n<meta property=\"og:url\" content=\"https:\/\/nowoczesne-ogrodzenie.pl\/en\/promocje\/zimowa-2018\" \/>\n<meta property=\"og:site_name\" content=\"Nowoczesne ogrodzenia metalowe od producenta Warszawa\/Polska\" \/>\n<meta property=\"article:publisher\" content=\"https:\/\/www.facebook.com\/nowoczesne.ogrodzenie.warszawa\/\" \/>\n<meta property=\"article:modified_time\" content=\"2021-07-06T07:28:36+00:00\" \/>\n<meta name=\"twitter:card\" content=\"summary_large_image\" \/>\n<meta name=\"twitter:label1\" content=\"Est. reading time\" \/>\n\t<meta name=\"twitter:data1\" content=\"1 minute\" \/>\n<script type=\"application\/ld+json\" class=\"yoast-schema-graph\">{\"@context\":\"https:\/\/schema.org\",\"@graph\":[{\"@type\":\"WebPage\",\"@id\":\"https:\/\/nowoczesne-ogrodzenie.pl\/en\/promocje\/zimowa-2018\",\"url\":\"https:\/\/nowoczesne-ogrodzenie.pl\/en\/promocje\/zimowa-2018\",\"name\":\"Zimowa promocja 2018 - nowoczesne-ogrodzenie.pl\",\"isPartOf\":{\"@id\":\"https:\/\/nowoczesne-ogrodzenie.pl\/en\/#website\"},\"datePublished\":\"2018-11-01T05:00:45+00:00\",\"dateModified\":\"2021-07-06T07:28:36+00:00\",\"breadcrumb\":{\"@id\":\"https:\/\/nowoczesne-ogrodzenie.pl\/en\/promocje\/zimowa-2018#breadcrumb\"},\"inLanguage\":\"en-US\",\"potentialAction\":[{\"@type\":\"ReadAction\",\"target\":[\"https:\/\/nowoczesne-ogrodzenie.pl\/en\/promocje\/zimowa-2018\"]}]},{\"@type\":\"BreadcrumbList\",\"@id\":\"https:\/\/nowoczesne-ogrodzenie.pl\/en\/promocje\/zimowa-2018#breadcrumb\",\"itemListElement\":[{\"@type\":\"ListItem\",\"position\":1,\"name\":\"Strona g\u0142\u00f3wna\",\"item\":\"https:\/\/nowoczesne-ogrodzenie.pl\/\"},{\"@type\":\"ListItem\",\"position\":2,\"name\":\"promocje\",\"item\":\"https:\/\/nowoczesne-ogrodzenie.pl\/promocje\"},{\"@type\":\"ListItem\",\"position\":3,\"name\":\"Zimowa Promocja\"}]},{\"@type\":\"WebSite\",\"@id\":\"https:\/\/nowoczesne-ogrodzenie.pl\/en\/#website\",\"url\":\"https:\/\/nowoczesne-ogrodzenie.pl\/en\/\",\"name\":\"Nowoczesne ogrodzenia metalowe od producenta Warszawa\/Polska\",\"description\":\"\",\"potentialAction\":[{\"@type\":\"SearchAction\",\"target\":{\"@type\":\"EntryPoint\",\"urlTemplate\":\"https:\/\/nowoczesne-ogrodzenie.pl\/en\/?s={search_term_string}\"},\"query-input\":\"required name=search_term_string\"}],\"inLanguage\":\"en-US\"}]}<\/script>\n<!-- \/ Yoast SEO plugin. -->","yoast_head_json":{"title":"Zimowa promocja 2018 - nowoczesne-ogrodzenie.pl","robots":{"index":"index","follow":"follow","max-snippet":"max-snippet:-1","max-image-preview":"max-image-preview:large","max-video-preview":"max-video-preview:-1"},"canonical":"https:\/\/nowoczesne-ogrodzenie.pl\/en\/promocje\/zimowa-2018","og_locale":"en_US","og_type":"article","og_title":"Zimowa promocja 2018 - nowoczesne-ogrodzenie.pl","og_description":"ZIMOWA PROMOCJA 2018 \u200b- 2019 Warunki promocji:1. &#8222;ZIMOWA PROMOCJA&#8221; trwa od 01.11.2018 do 31.01.20192. Promocja (-10% rabatu) dotyczy wy\u0142\u0105cznie element\u00f3w stalowych ogrodzenia (bramy, furtki, prz\u0119s\u0142a).\u00a0Promocja nie obejmuje beton\u00f3w systemowych i tradycyjnych, element\u00f3w murowanych oraz us\u0142ugi monta\u017cu.3. W celu skorzystania z rabatu (-10%) nale\u017cy powo\u0142a\u0107 si\u0119 na ZIMOW\u0104 PROMOCJ\u0118\u00a0&#8211; w formularzu zam\u00f3wienia na stronie\u00a0https:\/\/nowoczesne-ogrodzenie.pl\u00a0&#8211; wysy\u0142aj\u0105c maila [&hellip;]","og_url":"https:\/\/nowoczesne-ogrodzenie.pl\/en\/promocje\/zimowa-2018","og_site_name":"Nowoczesne ogrodzenia metalowe od producenta Warszawa\/Polska","article_publisher":"https:\/\/www.facebook.com\/nowoczesne.ogrodzenie.warszawa\/","article_modified_time":"2021-07-06T07:28:36+00:00","twitter_card":"summary_large_image","twitter_misc":{"Est. reading time":"1 minute"},"schema":{"@context":"https:\/\/schema.org","@graph":[{"@type":"WebPage","@id":"https:\/\/nowoczesne-ogrodzenie.pl\/en\/promocje\/zimowa-2018","url":"https:\/\/nowoczesne-ogrodzenie.pl\/en\/promocje\/zimowa-2018","name":"Zimowa promocja 2018 - nowoczesne-ogrodzenie.pl","isPartOf":{"@id":"https:\/\/nowoczesne-ogrodzenie.pl\/en\/#website"},"datePublished":"2018-11-01T05:00:45+00:00","dateModified":"2021-07-06T07:28:36+00:00","breadcrumb":{"@id":"https:\/\/nowoczesne-ogrodzenie.pl\/en\/promocje\/zimowa-2018#breadcrumb"},"inLanguage":"en-US","potentialAction":[{"@type":"ReadAction","target":["https:\/\/nowoczesne-ogrodzenie.pl\/en\/promocje\/zimowa-2018"]}]},{"@type":"BreadcrumbList","@id":"https:\/\/nowoczesne-ogrodzenie.pl\/en\/promocje\/zimowa-2018#breadcrumb","itemListElement":[{"@type":"ListItem","position":1,"name":"Strona g\u0142\u00f3wna","item":"https:\/\/nowoczesne-ogrodzenie.pl\/"},{"@type":"ListItem","position":2,"name":"promocje","item":"https:\/\/nowoczesne-ogrodzenie.pl\/promocje"},{"@type":"ListItem","position":3,"name":"Zimowa Promocja"}]},{"@type":"WebSite","@id":"https:\/\/nowoczesne-ogrodzenie.pl\/en\/#website","url":"https:\/\/nowoczesne-ogrodzenie.pl\/en\/","name":"Nowoczesne ogrodzenia metalowe od producenta Warszawa\/Polska","description":"","potentialAction":[{"@type":"SearchAction","target":{"@type":"EntryPoint","urlTemplate":"https:\/\/nowoczesne-ogrodzenie.pl\/en\/?s={search_term_string}"},"query-input":"required name=search_term_string"}],"inLanguage":"en-US"}]}},"_links":{"self":[{"href":"https:\/\/nowoczesne-ogrodzenie.pl\/en\/wp-json\/wp\/v2\/pages\/2841","targetHints":{"allow":["GET"]}}],"collection":[{"href":"https:\/\/nowoczesne-ogrodzenie.pl\/en\/wp-json\/wp\/v2\/pages"}],"about":[{"href":"https:\/\/nowoczesne-ogrodzenie.pl\/en\/wp-json\/wp\/v2\/types\/page"}],"author":[{"embeddable":true,"href":"https:\/\/nowoczesne-ogrodzenie.pl\/en\/wp-json\/wp\/v2\/users\/4"}],"replies":[{"embeddable":true,"href":"https:\/\/nowoczesne-ogrodzenie.pl\/en\/wp-json\/wp\/v2\/comments?post=2841"}],"version-history":[{"count":0,"href":"https:\/\/nowoczesne-ogrodzenie.pl\/en\/wp-json\/wp\/v2\/pages\/2841\/revisions"}],"up":[{"embeddable":true,"href":"https:\/\/nowoczesne-ogrodzenie.pl\/en\/wp-json\/wp\/v2\/pages\/2866"}],"wp:attachment":[{"href":"https:\/\/nowoczesne-ogrodzenie.pl\/en\/wp-json\/wp\/v2\/media?parent=2841"}],"curies":[{"name":"wp","href":"https:\/\/api.w.org\/{rel}","templated":true}]}}