{"id":3733,"date":"2011-07-14T19:46:13","date_gmt":"2011-07-14T19:46:13","guid":{"rendered":"http:\/\/nowoczesne-ogrodzenie.pl\/portfolio\/"},"modified":"2019-05-29T10:55:24","modified_gmt":"2019-05-29T08:55:24","slug":"oferta","status":"publish","type":"page","link":"https:\/\/nowoczesne-ogrodzenie.pl\/en\/oferta","title":{"rendered":"Offer"},"content":{"rendered":"<div data-elementor-type=\"wp-post\" data-elementor-id=\"3733\" class=\"elementor elementor-3733\">\n\t\t\t\t\t\t\t\t\t<section class=\"elementor-section elementor-top-section elementor-element elementor-element-6ddb165a elementor-section-stretched elementor-section-full_width elementor-section-height-default elementor-section-height-default\" data-id=\"6ddb165a\" data-element_type=\"section\" data-settings=\"{&quot;stretch_section&quot;:&quot;section-stretched&quot;}\">\n\t\t\t\t\t\t<div class=\"elementor-container elementor-column-gap-default\">\n\t\t\t\t\t<div class=\"elementor-column elementor-col-100 elementor-top-column elementor-element elementor-element-2277c12f cleancss\" data-id=\"2277c12f\" data-element_type=\"column\" id=\"cleanid\">\n\t\t\t<div class=\"elementor-widget-wrap elementor-element-populated\">\n\t\t\t\t\t\t\t\t<div class=\"elementor-element elementor-element-113eb6a1 elementor-widget elementor-widget-html\" data-id=\"113eb6a1\" data-element_type=\"widget\" data-widget_type=\"html.default\">\n\t\t\t\t<div class=\"elementor-widget-container\">\n\t\t\t<style>\n    * { margin: 0; padding: 0; }\np { margin: 5px 0 10px 0; }\n<\/style>\t\t<\/div>\n\t\t\t\t<\/div>\n\t\t\t\t<div class=\"elementor-element elementor-element-88eeef5 elementor-widget elementor-widget-heading\" data-id=\"88eeef5\" data-element_type=\"widget\" data-widget_type=\"heading.default\">\n\t\t\t\t<div class=\"elementor-widget-container\">\n\t\t\t<h1 class=\"elementor-heading-title elementor-size-default\">Offer for fencing from Siatmet<\/h1>\t\t<\/div>\n\t\t\t\t<\/div>\n\t\t\t\t\t<\/div>\n\t\t<\/div>\n\t\t\t\t\t\t\t<\/div>\n\t\t<\/section>\n\t\t\t\t<section class=\"elementor-section elementor-top-section elementor-element elementor-element-57b8d9b9 elementor-section-boxed elementor-section-height-default elementor-section-height-default\" data-id=\"57b8d9b9\" data-element_type=\"section\">\n\t\t\t\t\t\t<div class=\"elementor-container elementor-column-gap-default\">\n\t\t\t\t\t<div class=\"elementor-column elementor-col-100 elementor-top-column elementor-element elementor-element-7d1d08ae\" data-id=\"7d1d08ae\" data-element_type=\"column\">\n\t\t\t<div class=\"elementor-widget-wrap elementor-element-populated\">\n\t\t\t\t\t\t\t\t<div class=\"elementor-element elementor-element-24e17fd0 elementor-widget elementor-widget-text-editor\" data-id=\"24e17fd0\" data-element_type=\"widget\" data-widget_type=\"text-editor.default\">\n\t\t\t\t<div class=\"elementor-widget-container\">\n\t\t\t\t\t\t\t<p>The fence is necessary on almost every property, but in addition to the function of protection and access, it also has a decorative role. \nIf you don't want to isolate yourself from the world with the high metal wall, vertical fences are the better choice.<\/p>\t\t\t\t\t\t<\/div>\n\t\t\t\t<\/div>\n\t\t\t\t\t<\/div>\n\t\t<\/div>\n\t\t\t\t\t\t\t<\/div>\n\t\t<\/section>\n\t\t\t\t<section class=\"elementor-section elementor-top-section elementor-element elementor-element-7f06101 elementor-section-stretched elementor-section-full_width elementor-section-height-min-height elementor-section-content-middle elementor-section-height-default elementor-section-items-middle\" data-id=\"7f06101\" data-element_type=\"section\" data-settings=\"{&quot;stretch_section&quot;:&quot;section-stretched&quot;}\">\n\t\t\t\t\t\t<div class=\"elementor-container elementor-column-gap-no\">\n\t\t\t\t\t<div class=\"elementor-column elementor-col-33 elementor-top-column elementor-element elementor-element-a4f0f27\" data-id=\"a4f0f27\" data-element_type=\"column\" data-settings=\"{&quot;background_background&quot;:&quot;classic&quot;}\">\n\t\t\t<div class=\"elementor-widget-wrap elementor-element-populated\">\n\t\t\t\t\t<div class=\"elementor-background-overlay\"><\/div>\n\t\t\t\t\t\t\t\t<div class=\"elementor-element elementor-element-d4e5c61 elementor-align-center elementor-widget elementor-widget-button\" data-id=\"d4e5c61\" data-element_type=\"widget\" data-widget_type=\"button.default\">\n\t\t\t\t<div class=\"elementor-widget-container\">\n\t\t\t\t\t<div class=\"elementor-button-wrapper\">\n\t\t\t<a class=\"elementor-button elementor-button-link elementor-size-xs elementor-animation-hang\" href=\"https:\/\/nowoczesne-ogrodzenie.pl\/en\/oferta\/ogrodzenia-poziome\/\" id=\"kafelki\">\n\t\t\t\t\t\t<span class=\"elementor-button-content-wrapper\">\n\t\t\t\t\t\t<span class=\"elementor-button-text\">HORIZONTAL FENCE<\/span>\n\t\t<\/span>\n\t\t\t\t\t<\/a>\n\t\t<\/div>\n\t\t\t\t<\/div>\n\t\t\t\t<\/div>\n\t\t\t\t\t<\/div>\n\t\t<\/div>\n\t\t\t\t<div class=\"elementor-column elementor-col-33 elementor-top-column elementor-element elementor-element-2005c6a\" data-id=\"2005c6a\" data-element_type=\"column\" data-settings=\"{&quot;background_background&quot;:&quot;classic&quot;}\">\n\t\t\t<div class=\"elementor-widget-wrap elementor-element-populated\">\n\t\t\t\t\t<div class=\"elementor-background-overlay\"><\/div>\n\t\t\t\t\t\t\t\t<div class=\"elementor-element elementor-element-90cf70c elementor-align-center elementor-widget elementor-widget-button\" data-id=\"90cf70c\" data-element_type=\"widget\" data-widget_type=\"button.default\">\n\t\t\t\t<div class=\"elementor-widget-container\">\n\t\t\t\t\t<div class=\"elementor-button-wrapper\">\n\t\t\t<a class=\"elementor-button elementor-button-link elementor-size-xs elementor-animation-hang\" href=\"https:\/\/nowoczesne-ogrodzenie.pl\/en\/oferta\/ogrodzenia-pionowe\/\" id=\"kafelki\">\n\t\t\t\t\t\t<span class=\"elementor-button-content-wrapper\">\n\t\t\t\t\t\t<span class=\"elementor-button-text\">VERTICAL FENCE<\/span>\n\t\t<\/span>\n\t\t\t\t\t<\/a>\n\t\t<\/div>\n\t\t\t\t<\/div>\n\t\t\t\t<\/div>\n\t\t\t\t\t<\/div>\n\t\t<\/div>\n\t\t\t\t<div class=\"elementor-column elementor-col-33 elementor-top-column elementor-element elementor-element-f6fdca8\" data-id=\"f6fdca8\" data-element_type=\"column\" data-settings=\"{&quot;background_background&quot;:&quot;classic&quot;}\">\n\t\t\t<div class=\"elementor-widget-wrap elementor-element-populated\">\n\t\t\t\t\t<div class=\"elementor-background-overlay\"><\/div>\n\t\t\t\t\t\t\t\t<div class=\"elementor-element elementor-element-327a46a elementor-align-center elementor-widget elementor-widget-button\" data-id=\"327a46a\" data-element_type=\"widget\" data-widget_type=\"button.default\">\n\t\t\t\t<div class=\"elementor-widget-container\">\n\t\t\t\t\t<div class=\"elementor-button-wrapper\">\n\t\t\t<a class=\"elementor-button elementor-button-link elementor-size-xs elementor-animation-hang\" href=\"https:\/\/nowoczesne-ogrodzenie.pl\/en\/oferta\/ogrodzenia-zaluzjowe\/\" id=\"kafelki\">\n\t\t\t\t\t\t<span class=\"elementor-button-content-wrapper\">\n\t\t\t\t\t\t<span class=\"elementor-button-text\">LOUVRE FENCE<\/span>\n\t\t<\/span>\n\t\t\t\t\t<\/a>\n\t\t<\/div>\n\t\t\t\t<\/div>\n\t\t\t\t<\/div>\n\t\t\t\t\t<\/div>\n\t\t<\/div>\n\t\t\t\t\t\t\t<\/div>\n\t\t<\/section>\n\t\t\t\t<section class=\"elementor-section elementor-top-section elementor-element elementor-element-509c0ae elementor-section-stretched elementor-section-full_width elementor-section-height-min-height elementor-section-content-middle elementor-section-height-default elementor-section-items-middle\" data-id=\"509c0ae\" data-element_type=\"section\" data-settings=\"{&quot;stretch_section&quot;:&quot;section-stretched&quot;}\">\n\t\t\t\t\t\t<div class=\"elementor-container elementor-column-gap-no\">\n\t\t\t\t\t<div class=\"elementor-column elementor-col-33 elementor-top-column elementor-element elementor-element-df17001\" data-id=\"df17001\" data-element_type=\"column\" data-settings=\"{&quot;background_background&quot;:&quot;classic&quot;}\">\n\t\t\t<div class=\"elementor-widget-wrap elementor-element-populated\">\n\t\t\t\t\t<div class=\"elementor-background-overlay\"><\/div>\n\t\t\t\t\t\t\t\t<div class=\"elementor-element elementor-element-79a819e elementor-align-center elementor-widget elementor-widget-button\" data-id=\"79a819e\" data-element_type=\"widget\" data-widget_type=\"button.default\">\n\t\t\t\t<div class=\"elementor-widget-container\">\n\t\t\t\t\t<div class=\"elementor-button-wrapper\">\n\t\t\t<a class=\"elementor-button elementor-button-link elementor-size-xs elementor-animation-hang\" href=\"https:\/\/nowoczesne-ogrodzenie.pl\/en\/oferta\/gabiony\/\" id=\"kafelki\">\n\t\t\t\t\t\t<span class=\"elementor-button-content-wrapper\">\n\t\t\t\t\t\t<span class=\"elementor-button-text\">GABION BASKETS<\/span>\n\t\t<\/span>\n\t\t\t\t\t<\/a>\n\t\t<\/div>\n\t\t\t\t<\/div>\n\t\t\t\t<\/div>\n\t\t\t\t\t<\/div>\n\t\t<\/div>\n\t\t\t\t<div class=\"elementor-column elementor-col-33 elementor-top-column elementor-element elementor-element-68cc359\" data-id=\"68cc359\" data-element_type=\"column\" data-settings=\"{&quot;background_background&quot;:&quot;classic&quot;}\">\n\t\t\t<div class=\"elementor-widget-wrap elementor-element-populated\">\n\t\t\t\t\t<div class=\"elementor-background-overlay\"><\/div>\n\t\t\t\t\t\t\t\t<div class=\"elementor-element elementor-element-d34e3f8 elementor-align-center elementor-widget elementor-widget-button\" data-id=\"d34e3f8\" data-element_type=\"widget\" data-widget_type=\"button.default\">\n\t\t\t\t<div class=\"elementor-widget-container\">\n\t\t\t\t\t<div class=\"elementor-button-wrapper\">\n\t\t\t<a class=\"elementor-button elementor-button-link elementor-size-xs elementor-animation-hang\" href=\"https:\/\/nowoczesne-ogrodzenie.pl\/en\/oferta\/panele-ogrodzeniowe-2d-3d\/\" id=\"kaf2d\">\n\t\t\t\t\t\t<span class=\"elementor-button-content-wrapper\">\n\t\t\t\t\t\t<span class=\"elementor-button-text\">2D &amp; 3D FENCING PANELS<\/span>\n\t\t<\/span>\n\t\t\t\t\t<\/a>\n\t\t<\/div>\n\t\t\t\t<\/div>\n\t\t\t\t<\/div>\n\t\t\t\t\t<\/div>\n\t\t<\/div>\n\t\t\t\t<div class=\"elementor-column elementor-col-33 elementor-top-column elementor-element elementor-element-2252cf3\" data-id=\"2252cf3\" data-element_type=\"column\" data-settings=\"{&quot;background_background&quot;:&quot;classic&quot;}\">\n\t\t\t<div class=\"elementor-widget-wrap elementor-element-populated\">\n\t\t\t\t\t<div class=\"elementor-background-overlay\"><\/div>\n\t\t\t\t\t\t\t\t<div class=\"elementor-element elementor-element-ff1e9e1 elementor-align-center elementor-widget elementor-widget-button\" data-id=\"ff1e9e1\" data-element_type=\"widget\" data-widget_type=\"button.default\">\n\t\t\t\t<div class=\"elementor-widget-container\">\n\t\t\t\t\t<div class=\"elementor-button-wrapper\">\n\t\t\t<a class=\"elementor-button elementor-button-link elementor-size-xs elementor-animation-hang\" href=\"https:\/\/nowoczesne-ogrodzenie.pl\/en\/oferta\/ogrodzenie-pionowe-modern\/\" id=\"kafelki\">\n\t\t\t\t\t\t<span class=\"elementor-button-content-wrapper\">\n\t\t\t\t\t\t<span class=\"elementor-button-text\">VERTICAL FENCE MODERN<\/span>\n\t\t<\/span>\n\t\t\t\t\t<\/a>\n\t\t<\/div>\n\t\t\t\t<\/div>\n\t\t\t\t<\/div>\n\t\t\t\t\t<\/div>\n\t\t<\/div>\n\t\t\t\t\t\t\t<\/div>\n\t\t<\/section>\n\t\t\t\t<section class=\"elementor-section elementor-top-section elementor-element elementor-element-51fbcf1 elementor-section-stretched elementor-section-full_width elementor-section-height-min-height elementor-section-content-middle elementor-section-height-default elementor-section-items-middle\" data-id=\"51fbcf1\" data-element_type=\"section\" data-settings=\"{&quot;stretch_section&quot;:&quot;section-stretched&quot;}\">\n\t\t\t\t\t\t<div class=\"elementor-container elementor-column-gap-no\">\n\t\t\t\t\t<div class=\"elementor-column elementor-col-33 elementor-top-column elementor-element elementor-element-5d6081e\" data-id=\"5d6081e\" data-element_type=\"column\" data-settings=\"{&quot;background_background&quot;:&quot;classic&quot;}\">\n\t\t\t<div class=\"elementor-widget-wrap elementor-element-populated\">\n\t\t\t\t\t<div class=\"elementor-background-overlay\"><\/div>\n\t\t\t\t\t\t\t\t<div class=\"elementor-element elementor-element-4673c69 elementor-align-center elementor-widget elementor-widget-button\" data-id=\"4673c69\" data-element_type=\"widget\" data-widget_type=\"button.default\">\n\t\t\t\t<div class=\"elementor-widget-container\">\n\t\t\t\t\t<div class=\"elementor-button-wrapper\">\n\t\t\t<a class=\"elementor-button elementor-button-link elementor-size-xs elementor-animation-hang\" href=\"https:\/\/nowoczesne-ogrodzenie.pl\/en\/oferta\/bramy-i-furtki\/\" id=\"kafelki\">\n\t\t\t\t\t\t<span class=\"elementor-button-content-wrapper\">\n\t\t\t\t\t\t<span class=\"elementor-button-text\">GATES AND GATEWAYS<\/span>\n\t\t<\/span>\n\t\t\t\t\t<\/a>\n\t\t<\/div>\n\t\t\t\t<\/div>\n\t\t\t\t<\/div>\n\t\t\t\t\t<\/div>\n\t\t<\/div>\n\t\t\t\t<div class=\"elementor-column elementor-col-33 elementor-top-column elementor-element elementor-element-81a7013\" data-id=\"81a7013\" data-element_type=\"column\" data-settings=\"{&quot;background_background&quot;:&quot;classic&quot;}\">\n\t\t\t<div class=\"elementor-widget-wrap elementor-element-populated\">\n\t\t\t\t\t<div class=\"elementor-background-overlay\"><\/div>\n\t\t\t\t\t\t\t\t<div class=\"elementor-element elementor-element-46ed9b0 elementor-align-center elementor-widget elementor-widget-button\" data-id=\"46ed9b0\" data-element_type=\"widget\" data-widget_type=\"button.default\">\n\t\t\t\t<div class=\"elementor-widget-container\">\n\t\t\t\t\t<div class=\"elementor-button-wrapper\">\n\t\t\t<a class=\"elementor-button elementor-button-link elementor-size-xs elementor-animation-hang\" href=\"https:\/\/nowoczesne-ogrodzenie.pl\/en\/oferta\/ogrodzenia-drewniane\/\" id=\"kafelki\">\n\t\t\t\t\t\t<span class=\"elementor-button-content-wrapper\">\n\t\t\t\t\t\t<span class=\"elementor-button-text\">WOODEN FENCE<\/span>\n\t\t<\/span>\n\t\t\t\t\t<\/a>\n\t\t<\/div>\n\t\t\t\t<\/div>\n\t\t\t\t<\/div>\n\t\t\t\t\t<\/div>\n\t\t<\/div>\n\t\t\t\t<div class=\"elementor-column elementor-col-33 elementor-top-column elementor-element elementor-element-96971ea\" data-id=\"96971ea\" data-element_type=\"column\" data-settings=\"{&quot;background_background&quot;:&quot;classic&quot;}\">\n\t\t\t<div class=\"elementor-widget-wrap elementor-element-populated\">\n\t\t\t\t\t<div class=\"elementor-background-overlay\"><\/div>\n\t\t\t\t\t\t\t\t<div class=\"elementor-element elementor-element-e1d2386 elementor-align-center elementor-widget elementor-widget-button\" data-id=\"e1d2386\" data-element_type=\"widget\" data-widget_type=\"button.default\">\n\t\t\t\t<div class=\"elementor-widget-container\">\n\t\t\t\t\t<div class=\"elementor-button-wrapper\">\n\t\t\t<a class=\"elementor-button elementor-button-link elementor-size-xs elementor-animation-hang\" href=\"https:\/\/nowoczesne-ogrodzenie.pl\/en\/oferta\/podmurowki\/\" id=\"kafelki\">\n\t\t\t\t\t\t<span class=\"elementor-button-content-wrapper\">\n\t\t\t\t\t\t<span class=\"elementor-button-text\">SURFACES<\/span>\n\t\t<\/span>\n\t\t\t\t\t<\/a>\n\t\t<\/div>\n\t\t\t\t<\/div>\n\t\t\t\t<\/div>\n\t\t\t\t\t<\/div>\n\t\t<\/div>\n\t\t\t\t\t\t\t<\/div>\n\t\t<\/section>\n\t\t\t\t<section class=\"elementor-section elementor-top-section elementor-element elementor-element-af1601c elementor-section-boxed elementor-section-height-default elementor-section-height-default\" data-id=\"af1601c\" data-element_type=\"section\">\n\t\t\t\t\t\t<div class=\"elementor-container elementor-column-gap-default\">\n\t\t\t\t\t<div class=\"elementor-column elementor-col-100 elementor-top-column elementor-element elementor-element-b2c9ae9\" data-id=\"b2c9ae9\" data-element_type=\"column\">\n\t\t\t<div class=\"elementor-widget-wrap elementor-element-populated\">\n\t\t\t\t\t\t\t\t<div class=\"elementor-element elementor-element-1be1780 elementor-widget elementor-widget-spacer\" data-id=\"1be1780\" data-element_type=\"widget\" data-widget_type=\"spacer.default\">\n\t\t\t\t<div class=\"elementor-widget-container\">\n\t\t\t\t\t<div class=\"elementor-spacer\">\n\t\t\t<div class=\"elementor-spacer-inner\"><\/div>\n\t\t<\/div>\n\t\t\t\t<\/div>\n\t\t\t\t<\/div>\n\t\t\t\t\t<\/div>\n\t\t<\/div>\n\t\t\t\t\t\t\t<\/div>\n\t\t<\/section>\n\t\t\t\t\t\t\t<\/div>","protected":false},"excerpt":{"rendered":"<p>Offer for fencing from Siatmet Fencing is necessary on almost every property, however, apart from its protective function and limiting access, it also plays a decorative role. If you don't want to isolate yourself from the world with high metal wall, vertical fences are definitely a better choice. HORIZONTAL FENCING VERTICAL FENCING GABION FENCES GABION PANELS 2D &amp; 3D VERTICAL FENCING [...]<\/p>","protected":false},"author":4,"featured_media":5312,"parent":0,"menu_order":2,"comment_status":"closed","ping_status":"closed","template":"elementor_canvas","meta":{"footnotes":""},"class_list":["post-3733","page","type-page","status-publish","has-post-thumbnail","hentry","entry"],"yoast_head":"<!-- This site is optimized with the Yoast SEO plugin v21.3 - https:\/\/yoast.com\/wordpress\/plugins\/seo\/ -->\n<title>Oferta - Nowoczesne ogrodzenia metalowe od producenta Warszawa\/Polska<\/title>\n<meta name=\"robots\" content=\"noindex, nofollow\" \/>\n<meta property=\"og:locale\" content=\"en_US\" \/>\n<meta property=\"og:type\" content=\"article\" \/>\n<meta property=\"og:title\" content=\"Oferta - Nowoczesne ogrodzenia metalowe od producenta Warszawa\/Polska\" \/>\n<meta property=\"og:description\" content=\"Oferta na ogrodzenie od Siatmet Ogrodzenie jest niezb\u0119dne niemal na ka\u017cdej posesji, jednak poza funkcj\u0105 ochronn\u0105 i ograniczaniem dost\u0119pu pe\u0142ni te\u017c rol\u0119 dekoracyjn\u0105. Je\u015bli nie chcesz ca\u0142kowicie izolowa\u0107 si\u0119 od \u015bwiata wysok\u0105 metalow\u0105 \u015bcian\u0105, zdecydowanie lepszym wyborem b\u0119d\u0105 ogrodzenia pionowe. OGRODZENIE POZIOME OGRODZENIE PIONOWE OGRODZENIE \u017bALUZJOWE KOSZE GABIONOWE PANELE OGRODZENIOWE 2D i 3D OGRODZENIE PIONOWE [&hellip;]\" \/>\n<meta property=\"og:url\" content=\"https:\/\/nowoczesne-ogrodzenie.pl\/en\/oferta\" \/>\n<meta property=\"og:site_name\" content=\"Nowoczesne ogrodzenia metalowe od producenta Warszawa\/Polska\" \/>\n<meta property=\"article:publisher\" content=\"https:\/\/www.facebook.com\/nowoczesne.ogrodzenie.warszawa\/\" \/>\n<meta property=\"article:modified_time\" content=\"2019-05-29T08:55:24+00:00\" \/>\n<meta property=\"og:image\" content=\"https:\/\/nowoczesne-ogrodzenie.pl\/wp-content\/uploads\/2019\/01\/MG_6358.jpg\" \/>\n\t<meta property=\"og:image:width\" content=\"800\" \/>\n\t<meta property=\"og:image:height\" content=\"533\" \/>\n\t<meta property=\"og:image:type\" content=\"image\/jpeg\" \/>\n<meta name=\"twitter:card\" content=\"summary_large_image\" \/>\n<script type=\"application\/ld+json\" class=\"yoast-schema-graph\">{\"@context\":\"https:\/\/schema.org\",\"@graph\":[{\"@type\":\"WebPage\",\"@id\":\"https:\/\/nowoczesne-ogrodzenie.pl\/en\/oferta\",\"url\":\"https:\/\/nowoczesne-ogrodzenie.pl\/en\/oferta\",\"name\":\"Oferta - Nowoczesne ogrodzenia metalowe od producenta Warszawa\/Polska\",\"isPartOf\":{\"@id\":\"https:\/\/nowoczesne-ogrodzenie.pl\/en\/#website\"},\"datePublished\":\"2011-07-14T19:46:13+00:00\",\"dateModified\":\"2019-05-29T08:55:24+00:00\",\"breadcrumb\":{\"@id\":\"https:\/\/nowoczesne-ogrodzenie.pl\/en\/oferta#breadcrumb\"},\"inLanguage\":\"en-US\",\"potentialAction\":[{\"@type\":\"ReadAction\",\"target\":[\"https:\/\/nowoczesne-ogrodzenie.pl\/en\/oferta\"]}]},{\"@type\":\"BreadcrumbList\",\"@id\":\"https:\/\/nowoczesne-ogrodzenie.pl\/en\/oferta#breadcrumb\",\"itemListElement\":[{\"@type\":\"ListItem\",\"position\":1,\"name\":\"Strona g\u0142\u00f3wna\",\"item\":\"https:\/\/nowoczesne-ogrodzenie.pl\/\"},{\"@type\":\"ListItem\",\"position\":2,\"name\":\"Oferta\"}]},{\"@type\":\"WebSite\",\"@id\":\"https:\/\/nowoczesne-ogrodzenie.pl\/en\/#website\",\"url\":\"https:\/\/nowoczesne-ogrodzenie.pl\/en\/\",\"name\":\"Nowoczesne ogrodzenia metalowe od producenta Warszawa\/Polska\",\"description\":\"\",\"potentialAction\":[{\"@type\":\"SearchAction\",\"target\":{\"@type\":\"EntryPoint\",\"urlTemplate\":\"https:\/\/nowoczesne-ogrodzenie.pl\/en\/?s={search_term_string}\"},\"query-input\":\"required name=search_term_string\"}],\"inLanguage\":\"en-US\"}]}<\/script>\n<!-- \/ Yoast SEO plugin. -->","yoast_head_json":{"title":"Oferta - Nowoczesne ogrodzenia metalowe od producenta Warszawa\/Polska","robots":{"index":"noindex","follow":"nofollow"},"og_locale":"en_US","og_type":"article","og_title":"Oferta - Nowoczesne ogrodzenia metalowe od producenta Warszawa\/Polska","og_description":"Oferta na ogrodzenie od Siatmet Ogrodzenie jest niezb\u0119dne niemal na ka\u017cdej posesji, jednak poza funkcj\u0105 ochronn\u0105 i ograniczaniem dost\u0119pu pe\u0142ni te\u017c rol\u0119 dekoracyjn\u0105. Je\u015bli nie chcesz ca\u0142kowicie izolowa\u0107 si\u0119 od \u015bwiata wysok\u0105 metalow\u0105 \u015bcian\u0105, zdecydowanie lepszym wyborem b\u0119d\u0105 ogrodzenia pionowe. OGRODZENIE POZIOME OGRODZENIE PIONOWE OGRODZENIE \u017bALUZJOWE KOSZE GABIONOWE PANELE OGRODZENIOWE 2D i 3D OGRODZENIE PIONOWE [&hellip;]","og_url":"https:\/\/nowoczesne-ogrodzenie.pl\/en\/oferta","og_site_name":"Nowoczesne ogrodzenia metalowe od producenta Warszawa\/Polska","article_publisher":"https:\/\/www.facebook.com\/nowoczesne.ogrodzenie.warszawa\/","article_modified_time":"2019-05-29T08:55:24+00:00","og_image":[{"width":800,"height":533,"url":"https:\/\/nowoczesne-ogrodzenie.pl\/wp-content\/uploads\/2019\/01\/MG_6358.jpg","type":"image\/jpeg"}],"twitter_card":"summary_large_image","schema":{"@context":"https:\/\/schema.org","@graph":[{"@type":"WebPage","@id":"https:\/\/nowoczesne-ogrodzenie.pl\/en\/oferta","url":"https:\/\/nowoczesne-ogrodzenie.pl\/en\/oferta","name":"Oferta - Nowoczesne ogrodzenia metalowe od producenta Warszawa\/Polska","isPartOf":{"@id":"https:\/\/nowoczesne-ogrodzenie.pl\/en\/#website"},"datePublished":"2011-07-14T19:46:13+00:00","dateModified":"2019-05-29T08:55:24+00:00","breadcrumb":{"@id":"https:\/\/nowoczesne-ogrodzenie.pl\/en\/oferta#breadcrumb"},"inLanguage":"en-US","potentialAction":[{"@type":"ReadAction","target":["https:\/\/nowoczesne-ogrodzenie.pl\/en\/oferta"]}]},{"@type":"BreadcrumbList","@id":"https:\/\/nowoczesne-ogrodzenie.pl\/en\/oferta#breadcrumb","itemListElement":[{"@type":"ListItem","position":1,"name":"Strona g\u0142\u00f3wna","item":"https:\/\/nowoczesne-ogrodzenie.pl\/"},{"@type":"ListItem","position":2,"name":"Oferta"}]},{"@type":"WebSite","@id":"https:\/\/nowoczesne-ogrodzenie.pl\/en\/#website","url":"https:\/\/nowoczesne-ogrodzenie.pl\/en\/","name":"Nowoczesne ogrodzenia metalowe od producenta Warszawa\/Polska","description":"","potentialAction":[{"@type":"SearchAction","target":{"@type":"EntryPoint","urlTemplate":"https:\/\/nowoczesne-ogrodzenie.pl\/en\/?s={search_term_string}"},"query-input":"required name=search_term_string"}],"inLanguage":"en-US"}]}},"_links":{"self":[{"href":"https:\/\/nowoczesne-ogrodzenie.pl\/en\/wp-json\/wp\/v2\/pages\/3733","targetHints":{"allow":["GET"]}}],"collection":[{"href":"https:\/\/nowoczesne-ogrodzenie.pl\/en\/wp-json\/wp\/v2\/pages"}],"about":[{"href":"https:\/\/nowoczesne-ogrodzenie.pl\/en\/wp-json\/wp\/v2\/types\/page"}],"author":[{"embeddable":true,"href":"https:\/\/nowoczesne-ogrodzenie.pl\/en\/wp-json\/wp\/v2\/users\/4"}],"replies":[{"embeddable":true,"href":"https:\/\/nowoczesne-ogrodzenie.pl\/en\/wp-json\/wp\/v2\/comments?post=3733"}],"version-history":[{"count":0,"href":"https:\/\/nowoczesne-ogrodzenie.pl\/en\/wp-json\/wp\/v2\/pages\/3733\/revisions"}],"wp:featuredmedia":[{"embeddable":true,"href":"https:\/\/nowoczesne-ogrodzenie.pl\/en\/wp-json\/wp\/v2\/media\/5312"}],"wp:attachment":[{"href":"https:\/\/nowoczesne-ogrodzenie.pl\/en\/wp-json\/wp\/v2\/media?parent=3733"}],"curies":[{"name":"wp","href":"https:\/\/api.w.org\/{rel}","templated":true}]}}