{"id":3998,"date":"2018-12-13T08:37:42","date_gmt":"2018-12-13T07:37:42","guid":{"rendered":"http:\/\/new.nowoczesne-ogrodzenie.pl\/?page_id=3998"},"modified":"2021-07-06T09:30:03","modified_gmt":"2021-07-06T07:30:03","slug":"rodo-giodo-i-polityka-cookies","status":"publish","type":"page","link":"https:\/\/nowoczesne-ogrodzenie.pl\/en\/rodo-giodo-i-polityka-cookies","title":{"rendered":"RODO \/ GIODO and COOKIES Policy"},"content":{"rendered":"<div data-elementor-type=\"wp-post\" data-elementor-id=\"3998\" class=\"elementor elementor-3998 elementor-bc-flex-widget\">\n\t\t\t\t\t\t\t\t\t<section class=\"elementor-section elementor-top-section elementor-element elementor-element-24b594e0 elementor-section-boxed elementor-section-height-default elementor-section-height-default\" data-id=\"24b594e0\" data-element_type=\"section\">\n\t\t\t\t\t\t<div class=\"elementor-container elementor-column-gap-default\">\n\t\t\t\t\t<div class=\"elementor-column elementor-col-100 elementor-top-column elementor-element elementor-element-55cdbe4a\" data-id=\"55cdbe4a\" data-element_type=\"column\">\n\t\t\t<div class=\"elementor-widget-wrap elementor-element-populated\">\n\t\t\t\t\t\t\t\t<div class=\"elementor-element elementor-element-4fea84f0 elementor-widget elementor-widget-heading\" data-id=\"4fea84f0\" data-element_type=\"widget\" data-widget_type=\"heading.default\">\n\t\t\t\t<div class=\"elementor-widget-container\">\n\t\t\t<h1 class=\"elementor-heading-title elementor-size-default\">RODO \/ GIODO &amp; COOKIES POLICY<\/h1>\t\t<\/div>\n\t\t\t\t<\/div>\n\t\t\t\t<div class=\"elementor-element elementor-element-54cc1eb elementor-widget elementor-widget-text-editor\" data-id=\"54cc1eb\" data-element_type=\"widget\" data-widget_type=\"text-editor.default\">\n\t\t\t\t<div class=\"elementor-widget-container\">\n\t\t\t\t\t\t\t<p>We fully respect and honor the privacy and data protection rights of visitors to our website. This document sets out the principles for collecting and handling information obtained in the course of providing services.<\/p>\t\t\t\t\t\t<\/div>\n\t\t\t\t<\/div>\n\t\t\t\t<div class=\"elementor-element elementor-element-39ebc4b9 elementor-widget elementor-widget-heading\" data-id=\"39ebc4b9\" data-element_type=\"widget\" data-widget_type=\"heading.default\">\n\t\t\t\t<div class=\"elementor-widget-container\">\n\t\t\t<h2 class=\"elementor-heading-title elementor-size-default\">RODO \/ GIODO<\/h2>\t\t<\/div>\n\t\t\t\t<\/div>\n\t\t\t\t<div class=\"elementor-element elementor-element-5eb980d7 elementor-widget elementor-widget-text-editor\" data-id=\"5eb980d7\" data-element_type=\"widget\" data-widget_type=\"text-editor.default\">\n\t\t\t\t<div class=\"elementor-widget-container\">\n\t\t\t\t\t\t\t<p align=\"JUSTIFY\">In accordance with Article 13(1) and (2) of Regulation (EU) 2016\/679 of the European Parliament and of the Council of 27 April 2016 on the protection of natural persons with regard to the processing of personal data and on the free movement of such data, and repealing Directive 95\/46\/EC (hereinafter \"RODO\"), we provide below important information about your personal data collected by SIATMET Bartosz \u017bbikowski:<\/p><h2 class=\"western\" align=\"JUSTIFY\">1. who is the controller of your personal information?<\/h2><p align=\"JUSTIFY\">The administrator of your personal data is SIATMET Bartosz \u017bbikowski with the registered office in Warsaw, 7 Ba\u015bniowa Street, 05-075 Warsaw, VAT PL 9522001492, REGON 142016726, with a branch in Terespolska 168, 05-074 Konik Nowy. In matters related to the processing of <b>Your personal information you can contact us:<\/b><\/p><p align=\"JUSTIFY\">- by email to: biuro@siatmet.pl<\/p><p align=\"JUSTIFY\">- writing to the address: SIATMET Bartosz \u017bbikowski, 168 Terespolska Street, 05-074 Konik Nowy.<\/p><h2 class=\"western\" align=\"JUSTIFY\">2. for what purpose and on what basis is your data processed?<\/h2><p align=\"JUSTIFY\">Your data provided to us through:<\/p><p align=\"JUSTIFY\">- contact form at: www.siatmet.pl, www.nowoczesneogordzenie.pl, www.boxdesign.com.pl<\/p><p align=\"JUSTIFY\">- email to biuro@siatmet.pl, kontakt@nowoczesne-ogrodzenie.pl,<\/p><p align=\"JUSTIFY\">- personally in the sales office SIATMET 168 Terespolska Str., 05-074 Konik Nowy<\/p><p align=\"JUSTIFY\">we will process for the purpose of preparing a quotation, placing and processing orders, shipping goods, material samples or documents, and possibly handling a complaint submitted by you or conducting debt collection activities. The legal basis for processing in this case is Article 6(1)(b) of the RODO, entitling us to process data necessary for the performance of the contract. To the extent that your personal data will be included in accounting documents, they will be processed by us for the purposes and within the limits resulting from the Accounting Act of 19 September 1994. The legal basis for the processing is Article 6(1)(c) of the RODO. In certain situations we may also process your data for archival purposes<\/p><p align=\"JUSTIFY\">(evidential) for the purpose of proving certain facts in the future. The legal basis for the processing in this case is Article 6(1)(f) RODO, entitling us to process the data if this is necessary for the purposes of our legitimate interests.<\/p><h2 class=\"western\" align=\"JUSTIFY\">4 Who may be the recipient of your personal information?<\/h2><p align=\"JUSTIFY\">Only our authorized employees and associates have access to your personal information. <b>Instead, the recipients of your data may be:<\/b><\/p><p align=\"JUSTIFY\">- our partners with whom we collaborate by combining products and services,<\/p><p align=\"JUSTIFY\">- accounting, legal, IT and insurance companies acting on our behalf,<\/p><p align=\"JUSTIFY\">- courier and postal companies,<\/p><p align=\"JUSTIFY\">- entities handling electronic payments.<\/p><h2 class=\"western\" align=\"JUSTIFY\">5. will your data be transferred to a third country or international organization?<\/h2><p align=\"JUSTIFY\">No, we do not intend to transfer your personal information to a third country or international organization.<\/p><h2 class=\"western\" align=\"JUSTIFY\">6. for how long will your data be stored?<\/h2><p align=\"JUSTIFY\">Your data will be processed for the duration of the order, until any claims related to the order, regulated by separate provisions, expire, and until our obligation to keep accounting documents expires.<\/p><h2 class=\"western\" align=\"JUSTIFY\">7. what rights do you have in relation to our processing of your data?<\/h2><p align=\"JUSTIFY\">In connection with our processing of your personal data, you have the right to:<\/p><p align=\"JUSTIFY\">- Access to your data (information about the data processed and obtain a copy of the data);<\/p><p align=\"JUSTIFY\">- Correction (rectification) of data;<\/p><p align=\"JUSTIFY\">- Erasure of data processed unjustifiably;<\/p><p align=\"JUSTIFY\">- Restrictions on processing (withholding data operations or not deleting data);<\/p><p align=\"JUSTIFY\">- Object to the processing if it is based on Article 6(1)(f) of the RODO (see question 2);<\/p><p align=\"JUSTIFY\">- Transferring data to another controller;<\/p><h2 class=\"western\" align=\"JUSTIFY\">8. do you have the right to lodge a complaint about our processing of your data?<\/h2><p align=\"JUSTIFY\">Yes, you can file a complaint with the President of the Office for Personal Data Protection at any time if you believe that we are processing your data in violation of the law. You can find more information about this here. https:\/\/uodo.gov.pl\/<\/p><h3 class=\"western\" align=\"JUSTIFY\">9. are you obliged to provide us with your personal data and what are the consequences of not doing so?<\/h3><p align=\"JUSTIFY\">You provide us with personal data on a voluntary basis. However, if you do not provide the data we require, you will not be able to make inquiries on our websites and thus make e-mail orders or purchases from our company.<\/p><h2 class=\"western\" align=\"JUSTIFY\">10. will your personal information be used for profiling or other automated decision making?<\/h2><p align=\"JUSTIFY\">No, we do not intend to profile your personal information or otherwise make decisions related to your person based on automated processing.<\/p>\t\t\t\t\t\t<\/div>\n\t\t\t\t<\/div>\n\t\t\t\t<div class=\"elementor-element elementor-element-5314342f elementor-widget elementor-widget-heading\" data-id=\"5314342f\" data-element_type=\"widget\" data-widget_type=\"heading.default\">\n\t\t\t\t<div class=\"elementor-widget-container\">\n\t\t\t<h2 class=\"elementor-heading-title elementor-size-default\">COOKIE POLICY<\/h2>\t\t<\/div>\n\t\t\t\t<\/div>\n\t\t\t\t<div class=\"elementor-element elementor-element-7eeb1cc1 elementor-widget elementor-widget-text-editor\" data-id=\"7eeb1cc1\" data-element_type=\"widget\" data-widget_type=\"text-editor.default\">\n\t\t\t\t<div class=\"elementor-widget-container\">\n\t\t\t\t\t\t\t<ol><li>The Website does not automatically collect any information except that contained in cookies.<\/li><li>Cookies (so-called \"cookies\") are computer data, in particular text files, which are stored in the Service User's terminal equipment and are intended for use on the Website. Cookies usually contain the name of the website from which they come, the time of storing them on the terminal equipment and a unique number.<\/li><li>The entity placing cookies on the Website User's terminal equipment and accessing them is the Website operator.<\/li><li>Cookies are used for the following purposes: a) adapting the content of the Website to User preferences and optimizing the use of websites; in particular, these files allow for recognition of a Website User's device and for proper display of the website, adjusted to individual needs;<p>b) creation of statistics that help to understand how the Service Users use websites, which enables improvement of their structure and content;<\/p><p>c) maintaining a session of the Service User (after logging), thanks to which a User does not have to re-enter his\/her login and password on each subpage of the Service;<\/p><p>d) customization of graphic advertising content (Display Ads) using Google Analytics remarketing<\/p><\/li><li>There are two main types of cookies used within the Service: \"session\" (session cookies) and \"permanent\" (persistent cookies). Session\" cookies are temporary files that are stored in the final device of the User until logging out, leaving the website or switching off software (web browser). \"Permanent\" cookies are stored in the final device of the User for the time specified in the parameters of cookies or until they are deleted by the User.<\/li><li>Within the Website the following types of cookies are used:a) \"indispensable\" cookies enabling use of services available within the Website, e.g. authentication cookies used for services requiring authentication within the Website;<p>b) cookies used to ensure security, e.g. used to detect abuse of authentication on the Website;<\/p><p>c) \"efficiency\" cookies, which enable gathering information on how the websites of the Service are used;<\/p><p>d) \"functional\" cookies, which make it possible to \"remember\" the User's selected settings and personalize the User's interface, e.g. with regard to the chosen language or region of origin of the User, the font size, the appearance of the website, etc;<\/p><p>(e) \"advertising\" cookies, which make it possible to provide Users with advertising content more tailored to their interests.<\/p><\/li><li>In many cases, software used to browse the Internet (web browser) by default allows you to store cookies on User's end device. Users of the Website may at any time change their settings concerning cookies. These settings can be changed in particular in such a way as to block the automatic handling of cookies in the settings of your web browser or inform on their timely placement in the equipment of User of the Service. Detailed information on the possibility and methods of using cookies is available in software settings (web browser). Users can block the Analytics service for display ads and customize ads in the Google Ads Network in the Ads Preferences Manager. You can also download the Google Analytics blocking program from https:\/\/tools.google.com\/dlpage\/gaoptout\/.<\/li><li>The Operator of the Website informs that restrictions on the use of cookies may affect some of the functionality available on the Website.<\/li><li>Cookies placed in Service User's end device and used can also be by advertisers and partners cooperating with Service Operator.<\/li><li>More information about cookies is available at http:\/\/wszystkoociasteczkach.pl or in the \"Help\" section of your web browser's menu.<\/li><\/ol>\t\t\t\t\t\t<\/div>\n\t\t\t\t<\/div>\n\t\t\t\t\t<\/div>\n\t\t<\/div>\n\t\t\t\t\t\t\t<\/div>\n\t\t<\/section>\n\t\t\t\t\t\t\t<\/div>","protected":false},"excerpt":{"rendered":"<p>RODO \/ GIODO and COOKIES POLICY We fully respect and honor the right to privacy and protection of personal data of visitors to our website. This document sets out the principles for collecting and handling information obtained during the provision of services. RODO \/ GIODO In accordance with Article 13(1) and (2) of Regulation (EU) 2016\/679 of the European Parliament and of the Council [...<\/p>","protected":false},"author":4,"featured_media":5348,"parent":0,"menu_order":0,"comment_status":"closed","ping_status":"closed","template":"elementor_canvas","meta":{"footnotes":""},"class_list":["post-3998","page","type-page","status-publish","has-post-thumbnail","hentry","entry"],"yoast_head":"<!-- This site is optimized with the Yoast SEO plugin v21.3 - https:\/\/yoast.com\/wordpress\/plugins\/seo\/ -->\n<title>RODO \/ UODO i Polityka COOKIES - SIATMET - nowoczesne-ogrodzenie.pl<\/title>\n<meta name=\"robots\" content=\"index, follow, max-snippet:-1, max-image-preview:large, max-video-preview:-1\" \/>\n<link rel=\"canonical\" href=\"https:\/\/nowoczesne-ogrodzenie.pl\/en\/rodo-giodo-i-polityka-cookies\" \/>\n<meta property=\"og:locale\" content=\"en_US\" \/>\n<meta property=\"og:type\" content=\"article\" \/>\n<meta property=\"og:title\" content=\"RODO \/ UODO i Polityka COOKIES - SIATMET - nowoczesne-ogrodzenie.pl\" \/>\n<meta property=\"og:description\" content=\"RODO \/ GIODO i POLITYKA COOKIES W pe\u0142ni respektujemy i szanujemy prawo do prywatno\u015bci i ochrony danych osobowych odwiedzaj\u0105cych nasz serwis internetowy. Niniejszy dokument okre\u015bla zasady gromadzenia oraz post\u0119powania z informacjami uzyskiwanymi w czasie realizacji us\u0142ug. RODO \/ GIODO Zgodnie z art. 13 ust. 1 i ust. 2 rozporz\u0105dzenia Parlamentu Europejskiego i Rady (UE) 2016\/679 [&hellip;]\" \/>\n<meta property=\"og:url\" content=\"https:\/\/nowoczesne-ogrodzenie.pl\/en\/rodo-giodo-i-polityka-cookies\" \/>\n<meta property=\"og:site_name\" content=\"Nowoczesne ogrodzenia metalowe od producenta Warszawa\/Polska\" \/>\n<meta property=\"article:publisher\" content=\"https:\/\/www.facebook.com\/nowoczesne.ogrodzenie.warszawa\/\" \/>\n<meta property=\"article:modified_time\" content=\"2021-07-06T07:30:03+00:00\" \/>\n<meta property=\"og:image\" content=\"https:\/\/nowoczesne-ogrodzenie.pl\/wp-content\/uploads\/2019\/01\/18595198_2085072595053435_5660283708016588026_o.jpg\" \/>\n\t<meta property=\"og:image:width\" content=\"800\" \/>\n\t<meta property=\"og:image:height\" content=\"450\" \/>\n\t<meta property=\"og:image:type\" content=\"image\/jpeg\" \/>\n<meta name=\"twitter:card\" content=\"summary_large_image\" \/>\n<meta name=\"twitter:label1\" content=\"Est. reading time\" \/>\n\t<meta name=\"twitter:data1\" content=\"7 minutes\" \/>\n<script type=\"application\/ld+json\" class=\"yoast-schema-graph\">{\"@context\":\"https:\/\/schema.org\",\"@graph\":[{\"@type\":\"WebPage\",\"@id\":\"https:\/\/nowoczesne-ogrodzenie.pl\/en\/rodo-giodo-i-polityka-cookies\",\"url\":\"https:\/\/nowoczesne-ogrodzenie.pl\/en\/rodo-giodo-i-polityka-cookies\",\"name\":\"RODO \/ UODO i Polityka COOKIES - SIATMET - nowoczesne-ogrodzenie.pl\",\"isPartOf\":{\"@id\":\"https:\/\/nowoczesne-ogrodzenie.pl\/en\/#website\"},\"datePublished\":\"2018-12-13T07:37:42+00:00\",\"dateModified\":\"2021-07-06T07:30:03+00:00\",\"breadcrumb\":{\"@id\":\"https:\/\/nowoczesne-ogrodzenie.pl\/en\/rodo-giodo-i-polityka-cookies#breadcrumb\"},\"inLanguage\":\"en-US\",\"potentialAction\":[{\"@type\":\"ReadAction\",\"target\":[\"https:\/\/nowoczesne-ogrodzenie.pl\/en\/rodo-giodo-i-polityka-cookies\"]}]},{\"@type\":\"BreadcrumbList\",\"@id\":\"https:\/\/nowoczesne-ogrodzenie.pl\/en\/rodo-giodo-i-polityka-cookies#breadcrumb\",\"itemListElement\":[{\"@type\":\"ListItem\",\"position\":1,\"name\":\"Strona g\u0142\u00f3wna\",\"item\":\"https:\/\/nowoczesne-ogrodzenie.pl\/\"},{\"@type\":\"ListItem\",\"position\":2,\"name\":\"RODO \/ GIODO i Polityka COOKIES\"}]},{\"@type\":\"WebSite\",\"@id\":\"https:\/\/nowoczesne-ogrodzenie.pl\/en\/#website\",\"url\":\"https:\/\/nowoczesne-ogrodzenie.pl\/en\/\",\"name\":\"Nowoczesne ogrodzenia metalowe od producenta Warszawa\/Polska\",\"description\":\"\",\"potentialAction\":[{\"@type\":\"SearchAction\",\"target\":{\"@type\":\"EntryPoint\",\"urlTemplate\":\"https:\/\/nowoczesne-ogrodzenie.pl\/en\/?s={search_term_string}\"},\"query-input\":\"required name=search_term_string\"}],\"inLanguage\":\"en-US\"}]}<\/script>\n<!-- \/ Yoast SEO plugin. -->","yoast_head_json":{"title":"RODO \/ UODO i Polityka COOKIES - SIATMET - nowoczesne-ogrodzenie.pl","robots":{"index":"index","follow":"follow","max-snippet":"max-snippet:-1","max-image-preview":"max-image-preview:large","max-video-preview":"max-video-preview:-1"},"canonical":"https:\/\/nowoczesne-ogrodzenie.pl\/en\/rodo-giodo-i-polityka-cookies","og_locale":"en_US","og_type":"article","og_title":"RODO \/ UODO i Polityka COOKIES - SIATMET - nowoczesne-ogrodzenie.pl","og_description":"RODO \/ GIODO i POLITYKA COOKIES W pe\u0142ni respektujemy i szanujemy prawo do prywatno\u015bci i ochrony danych osobowych odwiedzaj\u0105cych nasz serwis internetowy. Niniejszy dokument okre\u015bla zasady gromadzenia oraz post\u0119powania z informacjami uzyskiwanymi w czasie realizacji us\u0142ug. RODO \/ GIODO Zgodnie z art. 13 ust. 1 i ust. 2 rozporz\u0105dzenia Parlamentu Europejskiego i Rady (UE) 2016\/679 [&hellip;]","og_url":"https:\/\/nowoczesne-ogrodzenie.pl\/en\/rodo-giodo-i-polityka-cookies","og_site_name":"Nowoczesne ogrodzenia metalowe od producenta Warszawa\/Polska","article_publisher":"https:\/\/www.facebook.com\/nowoczesne.ogrodzenie.warszawa\/","article_modified_time":"2021-07-06T07:30:03+00:00","og_image":[{"width":800,"height":450,"url":"https:\/\/nowoczesne-ogrodzenie.pl\/wp-content\/uploads\/2019\/01\/18595198_2085072595053435_5660283708016588026_o.jpg","type":"image\/jpeg"}],"twitter_card":"summary_large_image","twitter_misc":{"Est. reading time":"7 minutes"},"schema":{"@context":"https:\/\/schema.org","@graph":[{"@type":"WebPage","@id":"https:\/\/nowoczesne-ogrodzenie.pl\/en\/rodo-giodo-i-polityka-cookies","url":"https:\/\/nowoczesne-ogrodzenie.pl\/en\/rodo-giodo-i-polityka-cookies","name":"RODO \/ UODO i Polityka COOKIES - SIATMET - nowoczesne-ogrodzenie.pl","isPartOf":{"@id":"https:\/\/nowoczesne-ogrodzenie.pl\/en\/#website"},"datePublished":"2018-12-13T07:37:42+00:00","dateModified":"2021-07-06T07:30:03+00:00","breadcrumb":{"@id":"https:\/\/nowoczesne-ogrodzenie.pl\/en\/rodo-giodo-i-polityka-cookies#breadcrumb"},"inLanguage":"en-US","potentialAction":[{"@type":"ReadAction","target":["https:\/\/nowoczesne-ogrodzenie.pl\/en\/rodo-giodo-i-polityka-cookies"]}]},{"@type":"BreadcrumbList","@id":"https:\/\/nowoczesne-ogrodzenie.pl\/en\/rodo-giodo-i-polityka-cookies#breadcrumb","itemListElement":[{"@type":"ListItem","position":1,"name":"Strona g\u0142\u00f3wna","item":"https:\/\/nowoczesne-ogrodzenie.pl\/"},{"@type":"ListItem","position":2,"name":"RODO \/ GIODO i Polityka COOKIES"}]},{"@type":"WebSite","@id":"https:\/\/nowoczesne-ogrodzenie.pl\/en\/#website","url":"https:\/\/nowoczesne-ogrodzenie.pl\/en\/","name":"Nowoczesne ogrodzenia metalowe od producenta Warszawa\/Polska","description":"","potentialAction":[{"@type":"SearchAction","target":{"@type":"EntryPoint","urlTemplate":"https:\/\/nowoczesne-ogrodzenie.pl\/en\/?s={search_term_string}"},"query-input":"required name=search_term_string"}],"inLanguage":"en-US"}]}},"_links":{"self":[{"href":"https:\/\/nowoczesne-ogrodzenie.pl\/en\/wp-json\/wp\/v2\/pages\/3998","targetHints":{"allow":["GET"]}}],"collection":[{"href":"https:\/\/nowoczesne-ogrodzenie.pl\/en\/wp-json\/wp\/v2\/pages"}],"about":[{"href":"https:\/\/nowoczesne-ogrodzenie.pl\/en\/wp-json\/wp\/v2\/types\/page"}],"author":[{"embeddable":true,"href":"https:\/\/nowoczesne-ogrodzenie.pl\/en\/wp-json\/wp\/v2\/users\/4"}],"replies":[{"embeddable":true,"href":"https:\/\/nowoczesne-ogrodzenie.pl\/en\/wp-json\/wp\/v2\/comments?post=3998"}],"version-history":[{"count":0,"href":"https:\/\/nowoczesne-ogrodzenie.pl\/en\/wp-json\/wp\/v2\/pages\/3998\/revisions"}],"wp:featuredmedia":[{"embeddable":true,"href":"https:\/\/nowoczesne-ogrodzenie.pl\/en\/wp-json\/wp\/v2\/media\/5348"}],"wp:attachment":[{"href":"https:\/\/nowoczesne-ogrodzenie.pl\/en\/wp-json\/wp\/v2\/media?parent=3998"}],"curies":[{"name":"wp","href":"https:\/\/api.w.org\/{rel}","templated":true}]}}