{"id":502,"date":"2012-07-23T13:00:00","date_gmt":"2012-07-23T13:00:00","guid":{"rendered":"http:\/\/nowoczesne-ogrodzenie.pl\/portfolio-view\/gallery-format\/"},"modified":"2021-07-06T09:34:28","modified_gmt":"2021-07-06T07:34:28","slug":"ogrodzenia-tymczasowe","status":"publish","type":"page","link":"https:\/\/nowoczesne-ogrodzenie.pl\/en\/oferta\/ogrodzenia-tymczasowe","title":{"rendered":"Ogrodzenia tymczasowe -2018"},"content":{"rendered":"<p>Chcesz zabezpieczy\u0107 plac budowy? \u00a0Organizujesz imprezy plenerowe i zale\u017cy Ci na tym, by skutecznie zagrodzi\u0107 teren? \u00a0Zale\u017cy Ci na tymczasowym wydzieleniu terenu?<\/p>\n<p>Najlepszym rozwi\u0105zaniem w takich przypadkach b\u0119d\u0105 ogrodzenia tymczasowe. Wykonane z drutu stalowego, stan\u0105 w dowolnym miejscu, spe\u0142niaj\u0105c swoje zadanie przy niewielkiej inwestycji finansowej.<\/p>\n<h3>Jako producent oferujemy\u00a0profesjonalne ogrodzenia przeno\u015bne, kt\u00f3re \u0142\u0105cz\u0105 jako\u015b\u0107 z atrakcyjn\u0105 cen\u0105.<\/h3>\n<p>Ogrodzenia przeno\u015bne\u00a0to prz\u0119s\u0142a wykonane z ocynkowanego drutu i rury ocynkowanej. S\u0105 \u0142atwe do przeniesienia i z\u0142o\u017cenia, a tak\u017ce wygodne do przetransportowania w dowolne miejsce.<\/p>\n<p>Dla zwi\u0119kszenia stabilno\u015bci i wzmocnienia zabezpieczenia, na dole ka\u017cdego prz\u0119s\u0142a znajduje si\u0119 stopa betonowa ? dzi\u0119ki niej, osoby postronne nie przesun\u0105 ogrodzenia, a jego sforsowanie b\u0119dzie utrudnione.<\/p>\n<p>Na \u017cyczenie mo\u017cemy je pokry\u0107 lakierem w dowolnym odcieniu z palety RAL.<\/p>\n<p>Jeste\u015bmy bezpo\u015brednim producentem &#8211; skontaktuj si\u0119 z naszym doradc\u0105 telefonicznie lub mailowo w celu uzyskania oferty.<\/p>","protected":false},"excerpt":{"rendered":"<p>Chcesz zabezpieczy\u0107 plac budowy? \u00a0Organizujesz imprezy plenerowe i zale\u017cy Ci na tym, by skutecznie zagrodzi\u0107 teren? \u00a0Zale\u017cy Ci na tymczasowym wydzieleniu terenu? Najlepszym rozwi\u0105zaniem w takich przypadkach b\u0119d\u0105 ogrodzenia tymczasowe. Wykonane z drutu stalowego, stan\u0105 w dowolnym miejscu, spe\u0142niaj\u0105c swoje zadanie przy niewielkiej inwestycji finansowej. Jako producent oferujemy\u00a0profesjonalne ogrodzenia przeno\u015bne, kt\u00f3re \u0142\u0105cz\u0105 jako\u015b\u0107 z atrakcyjn\u0105 [&hellip;]<\/p>","protected":false},"author":4,"featured_media":0,"parent":3733,"menu_order":0,"comment_status":"closed","ping_status":"closed","template":"elementor_canvas","meta":{"footnotes":""},"class_list":["post-502","page","type-page","status-publish","hentry","entry"],"yoast_head":"<!-- This site is optimized with the Yoast SEO plugin v21.3 - https:\/\/yoast.com\/wordpress\/plugins\/seo\/ -->\n<title>Ogrodzenia tymczasowe - nowoczesne-ogrodzenie.pl<\/title>\n<meta name=\"description\" content=\"Serdecznie zapraszamy do kupowania ogrodzenia tymczasowego w bardzo atrakcyjnej cenie.\" \/>\n<meta name=\"robots\" content=\"index, follow, max-snippet:-1, max-image-preview:large, max-video-preview:-1\" \/>\n<link rel=\"canonical\" href=\"https:\/\/nowoczesne-ogrodzenie.pl\/en\/oferta\/ogrodzenia-tymczasowe\" \/>\n<meta property=\"og:locale\" content=\"en_US\" \/>\n<meta property=\"og:type\" content=\"article\" \/>\n<meta property=\"og:title\" content=\"Ogrodzenia tymczasowe - nowoczesne-ogrodzenie.pl\" \/>\n<meta property=\"og:description\" content=\"Serdecznie zapraszamy do kupowania ogrodzenia tymczasowego w bardzo atrakcyjnej cenie.\" \/>\n<meta property=\"og:url\" content=\"https:\/\/nowoczesne-ogrodzenie.pl\/en\/oferta\/ogrodzenia-tymczasowe\" \/>\n<meta property=\"og:site_name\" content=\"Nowoczesne ogrodzenia metalowe od producenta Warszawa\/Polska\" \/>\n<meta property=\"article:publisher\" content=\"https:\/\/www.facebook.com\/nowoczesne.ogrodzenie.warszawa\/\" \/>\n<meta property=\"article:modified_time\" content=\"2021-07-06T07:34:28+00:00\" \/>\n<meta name=\"twitter:card\" content=\"summary_large_image\" \/>\n<meta name=\"twitter:label1\" content=\"Est. reading time\" \/>\n\t<meta name=\"twitter:data1\" content=\"1 minute\" \/>\n<script type=\"application\/ld+json\" class=\"yoast-schema-graph\">{\"@context\":\"https:\/\/schema.org\",\"@graph\":[{\"@type\":\"WebPage\",\"@id\":\"https:\/\/nowoczesne-ogrodzenie.pl\/en\/oferta\/ogrodzenia-tymczasowe\",\"url\":\"https:\/\/nowoczesne-ogrodzenie.pl\/en\/oferta\/ogrodzenia-tymczasowe\",\"name\":\"Ogrodzenia tymczasowe - nowoczesne-ogrodzenie.pl\",\"isPartOf\":{\"@id\":\"https:\/\/nowoczesne-ogrodzenie.pl\/en\/#website\"},\"datePublished\":\"2012-07-23T13:00:00+00:00\",\"dateModified\":\"2021-07-06T07:34:28+00:00\",\"description\":\"Serdecznie zapraszamy do kupowania ogrodzenia tymczasowego w bardzo atrakcyjnej cenie.\",\"breadcrumb\":{\"@id\":\"https:\/\/nowoczesne-ogrodzenie.pl\/en\/oferta\/ogrodzenia-tymczasowe#breadcrumb\"},\"inLanguage\":\"en-US\",\"potentialAction\":[{\"@type\":\"ReadAction\",\"target\":[\"https:\/\/nowoczesne-ogrodzenie.pl\/en\/oferta\/ogrodzenia-tymczasowe\"]}]},{\"@type\":\"BreadcrumbList\",\"@id\":\"https:\/\/nowoczesne-ogrodzenie.pl\/en\/oferta\/ogrodzenia-tymczasowe#breadcrumb\",\"itemListElement\":[{\"@type\":\"ListItem\",\"position\":1,\"name\":\"Strona g\u0142\u00f3wna\",\"item\":\"https:\/\/nowoczesne-ogrodzenie.pl\/\"},{\"@type\":\"ListItem\",\"position\":2,\"name\":\"Oferta\",\"item\":\"https:\/\/nowoczesne-ogrodzenie.pl\/oferta\"},{\"@type\":\"ListItem\",\"position\":3,\"name\":\"Ogrodzenia tymczasowe -2018\"}]},{\"@type\":\"WebSite\",\"@id\":\"https:\/\/nowoczesne-ogrodzenie.pl\/en\/#website\",\"url\":\"https:\/\/nowoczesne-ogrodzenie.pl\/en\/\",\"name\":\"Nowoczesne ogrodzenia metalowe od producenta Warszawa\/Polska\",\"description\":\"\",\"potentialAction\":[{\"@type\":\"SearchAction\",\"target\":{\"@type\":\"EntryPoint\",\"urlTemplate\":\"https:\/\/nowoczesne-ogrodzenie.pl\/en\/?s={search_term_string}\"},\"query-input\":\"required name=search_term_string\"}],\"inLanguage\":\"en-US\"}]}<\/script>\n<!-- \/ Yoast SEO plugin. -->","yoast_head_json":{"title":"Ogrodzenia tymczasowe - nowoczesne-ogrodzenie.pl","description":"Serdecznie zapraszamy do kupowania ogrodzenia tymczasowego w bardzo atrakcyjnej cenie.","robots":{"index":"index","follow":"follow","max-snippet":"max-snippet:-1","max-image-preview":"max-image-preview:large","max-video-preview":"max-video-preview:-1"},"canonical":"https:\/\/nowoczesne-ogrodzenie.pl\/en\/oferta\/ogrodzenia-tymczasowe","og_locale":"en_US","og_type":"article","og_title":"Ogrodzenia tymczasowe - nowoczesne-ogrodzenie.pl","og_description":"Serdecznie zapraszamy do kupowania ogrodzenia tymczasowego w bardzo atrakcyjnej cenie.","og_url":"https:\/\/nowoczesne-ogrodzenie.pl\/en\/oferta\/ogrodzenia-tymczasowe","og_site_name":"Nowoczesne ogrodzenia metalowe od producenta Warszawa\/Polska","article_publisher":"https:\/\/www.facebook.com\/nowoczesne.ogrodzenie.warszawa\/","article_modified_time":"2021-07-06T07:34:28+00:00","twitter_card":"summary_large_image","twitter_misc":{"Est. reading time":"1 minute"},"schema":{"@context":"https:\/\/schema.org","@graph":[{"@type":"WebPage","@id":"https:\/\/nowoczesne-ogrodzenie.pl\/en\/oferta\/ogrodzenia-tymczasowe","url":"https:\/\/nowoczesne-ogrodzenie.pl\/en\/oferta\/ogrodzenia-tymczasowe","name":"Ogrodzenia tymczasowe - nowoczesne-ogrodzenie.pl","isPartOf":{"@id":"https:\/\/nowoczesne-ogrodzenie.pl\/en\/#website"},"datePublished":"2012-07-23T13:00:00+00:00","dateModified":"2021-07-06T07:34:28+00:00","description":"Serdecznie zapraszamy do kupowania ogrodzenia tymczasowego w bardzo atrakcyjnej cenie.","breadcrumb":{"@id":"https:\/\/nowoczesne-ogrodzenie.pl\/en\/oferta\/ogrodzenia-tymczasowe#breadcrumb"},"inLanguage":"en-US","potentialAction":[{"@type":"ReadAction","target":["https:\/\/nowoczesne-ogrodzenie.pl\/en\/oferta\/ogrodzenia-tymczasowe"]}]},{"@type":"BreadcrumbList","@id":"https:\/\/nowoczesne-ogrodzenie.pl\/en\/oferta\/ogrodzenia-tymczasowe#breadcrumb","itemListElement":[{"@type":"ListItem","position":1,"name":"Strona g\u0142\u00f3wna","item":"https:\/\/nowoczesne-ogrodzenie.pl\/"},{"@type":"ListItem","position":2,"name":"Oferta","item":"https:\/\/nowoczesne-ogrodzenie.pl\/oferta"},{"@type":"ListItem","position":3,"name":"Ogrodzenia tymczasowe -2018"}]},{"@type":"WebSite","@id":"https:\/\/nowoczesne-ogrodzenie.pl\/en\/#website","url":"https:\/\/nowoczesne-ogrodzenie.pl\/en\/","name":"Nowoczesne ogrodzenia metalowe od producenta Warszawa\/Polska","description":"","potentialAction":[{"@type":"SearchAction","target":{"@type":"EntryPoint","urlTemplate":"https:\/\/nowoczesne-ogrodzenie.pl\/en\/?s={search_term_string}"},"query-input":"required name=search_term_string"}],"inLanguage":"en-US"}]}},"_links":{"self":[{"href":"https:\/\/nowoczesne-ogrodzenie.pl\/en\/wp-json\/wp\/v2\/pages\/502","targetHints":{"allow":["GET"]}}],"collection":[{"href":"https:\/\/nowoczesne-ogrodzenie.pl\/en\/wp-json\/wp\/v2\/pages"}],"about":[{"href":"https:\/\/nowoczesne-ogrodzenie.pl\/en\/wp-json\/wp\/v2\/types\/page"}],"author":[{"embeddable":true,"href":"https:\/\/nowoczesne-ogrodzenie.pl\/en\/wp-json\/wp\/v2\/users\/4"}],"replies":[{"embeddable":true,"href":"https:\/\/nowoczesne-ogrodzenie.pl\/en\/wp-json\/wp\/v2\/comments?post=502"}],"version-history":[{"count":0,"href":"https:\/\/nowoczesne-ogrodzenie.pl\/en\/wp-json\/wp\/v2\/pages\/502\/revisions"}],"up":[{"embeddable":true,"href":"https:\/\/nowoczesne-ogrodzenie.pl\/en\/wp-json\/wp\/v2\/pages\/3733"}],"wp:attachment":[{"href":"https:\/\/nowoczesne-ogrodzenie.pl\/en\/wp-json\/wp\/v2\/media?parent=502"}],"curies":[{"name":"wp","href":"https:\/\/api.w.org\/{rel}","templated":true}]}}